{"id":3212,"date":"2020-08-12T11:09:36","date_gmt":"2020-08-12T09:09:36","guid":{"rendered":"https:\/\/www.assip.org\/45128-home\/"},"modified":"2026-02-03T15:46:32","modified_gmt":"2026-02-03T14:46:32","slug":"home","status":"publish","type":"page","link":"https:\/\/www.assip.org\/fr\/","title":{"rendered":"Home"},"content":{"rendered":"\n<p><\/p>\n\n\n\n<div class=\"wp-block-group has-background\" style=\"background-color:#00000000\"><div class=\"wp-block-group__inner-container is-layout-constrained wp-block-group-is-layout-constrained\"><\/div><\/div>\n\n\n\n<h1 class=\"wp-block-heading has-text-align-center ticss-af20fea4 has-nv-dark-bg-color has-text-color has-large-font-size\"><strong>ASSIP flex<\/strong><\/h1>\n\n\n\n<h2 class=\"wp-block-heading has-text-align-center has-nv-dark-bg-color has-text-color has-medium-font-size\"><strong>A<\/strong>ttempted <strong>S<\/strong>uicide <strong>S<\/strong>hort <strong>I<\/strong>ntervention <strong>P<\/strong>rogram<\/h2>\n\n\n\n<div style=\"height:10px\" aria-hidden=\"true\" class=\"wp-block-spacer\"><\/div>\n\n\n\n<h2 class=\"wp-block-heading has-text-align-center has-nv-dark-bg-color has-text-color has-medium-font-size\"><strong>Une th\u00e9rapie br\u00e8ve pour les personnes ayant fait une tentative de suicide<\/strong><\/h2>\n\n\n\n<div id=\"wp-block-themeisle-blocks-advanced-columns-62d96203\" class=\"wp-block-themeisle-blocks-advanced-columns alignfull has-1-columns has-desktop-equal-layout has-tablet-equal-layout has-mobile-equal-layout has-vertical-top ticss-f01b0497 has-light-bg\"><div class=\"wp-block-themeisle-blocks-advanced-columns-overlay\"><\/div><div class=\"innerblocks-wrap\">\n<div id=\"wp-block-themeisle-blocks-advanced-column-326664e5\" class=\"wp-block-themeisle-blocks-advanced-column\">\n<div style=\"height:10px\" aria-hidden=\"true\" class=\"wp-block-spacer\"><\/div>\n\n\n\n<p class=\"has-text-align-center\"><strong>ASSIP flex est une th\u00e9rapie br\u00e8ve destin\u00e9e aux personnes ayant fait une tentative de suicide. Elle permet de r\u00e9duire le risque de r\u00e9cidive suicidaire d\u2019environ 80\u202f%. Le programme comprend seulement 3 \u00e0 4 s\u00e9ances dans l\u2019environnement habituel des personnes concern\u00e9es, ainsi qu\u2019un suivi \u00e0 long terme sur plusieurs ann\u00e9es.<\/strong><\/p>\n\n\n\n<div style=\"height:30px\" aria-hidden=\"true\" class=\"wp-block-spacer\"><\/div>\n<\/div>\n<\/div><\/div>\n\n\n\n<div id=\"wp-block-themeisle-blocks-advanced-columns-ad31c7d9\" class=\"wp-block-themeisle-blocks-advanced-columns alignfull has-2-columns has-desktop-equal-layout has-tablet-equal-layout has-mobile-equal-layout has-vertical-bottom ticss-d766bf0c\"><div class=\"wp-block-themeisle-blocks-advanced-columns-overlay\"><\/div><div class=\"innerblocks-wrap\">\n<div id=\"wp-block-themeisle-blocks-advanced-column-3e2b9c15\" class=\"wp-block-themeisle-blocks-advanced-column has-light-bg\">\n<p class=\"has-text-align-center ticss-45e2f449 has-neve-text-color-color has-text-color has-medium-font-size\"><strong>Qu\u2019est-ce qui caract\u00e9rise ASSIP flex?<\/strong><\/p>\n\n\n\n<ul class=\"wp-block-list\">\n<li>ASSIP est une offre compl\u00e9mentaire, pas un substitut.<\/li>\n\n\n\n<li>La th\u00e9rapie est br\u00e8ve, poss\u00e8de une structure simple et des objectifs clairs.<\/li>\n\n\n\n<li>ASSIP ne gu\u00e9rira pas les patient\u00b7es de la suicidabilit\u00e9, mais aidera \u00e0 rester capable d\u2019agir lors de futures crises suicidaires.<\/li>\n\n\n\n<li>Le projet est r\u00e9alis\u00e9 en collaboration avec le soutien au projet PGV de Promotion Sant\u00e9 Suisse.<\/li>\n\n\n\n<li>ASSIP Home Treatment est propos\u00e9 dans le canton de Berne depuis 2021.<\/li>\n\n\n\n<li>Dans les cantons de Zurich, Vaud et Neuch\u00e2tel, il est mis en \u0153uvre depuis 2022.<\/li>\n\n\n\n<li>En 2024, ASSIP Home Treatment deviendra ASSIP flex.<\/li>\n<\/ul>\n\n\n\n<div id=\"wp-block-themeisle-blocks-button-group-7a31e2b0\" class=\"wp-block-themeisle-blocks-button-group wp-block-buttons align-center-desktop\">\n<div id=\"wp-block-themeisle-blocks-button-922deb01\" class=\"wp-block-themeisle-blocks-button wp-block-button ticss-8dcbc82c is-style-primary\"><a href=\"https:\/\/www.assip.org\/fr\/pour-les-patientes\/quest-ce-que-assip-flex\/\" target=\"_blank\" rel=\"noopener noreferrer\" class=\"wp-block-button__link\"><span>en savoir plus<\/span><\/a><\/div>\n<\/div>\n\n\n\n<div style=\"height:30px\" aria-hidden=\"true\" class=\"wp-block-spacer\"><\/div>\n<\/div>\n\n\n\n<div id=\"wp-block-themeisle-blocks-advanced-column-f55fb812\" class=\"wp-block-themeisle-blocks-advanced-column has-light-bg\">\n<div id=\"wp-block-themeisle-blocks-advanced-columns-bde7c1ed\" class=\"wp-block-themeisle-blocks-advanced-columns has-1-columns has-desktop-equal-layout has-tablet-equal-layout has-mobile-equal-layout has-vertical-unset\"><div class=\"wp-block-themeisle-blocks-advanced-columns-overlay\"><\/div><div class=\"innerblocks-wrap\">\n<div id=\"wp-block-themeisle-blocks-advanced-column-fb7e8417\" class=\"wp-block-themeisle-blocks-advanced-column\">\n<p class=\"has-text-align-center ticss-45e2f449 has-neve-text-color-color has-text-color has-medium-font-size\">O\u00f9 ASSIP flex est-il propos\u00e9?<\/p>\n\n\n\n<div id=\"wp-block-themeisle-blocks-button-group-6bb51b27\" class=\"wp-block-themeisle-blocks-button-group wp-block-buttons align-center-desktop\">\n<div id=\"wp-block-themeisle-blocks-button-64db6ad9\" class=\"wp-block-themeisle-blocks-button wp-block-button ticss-8dcbc82c is-style-primary\"><a href=\"https:\/\/www.assip.org\/fr\/pour-les-patientes\/quest-ce-que-assip-flex\/\" target=\"_blank\" rel=\"noopener noreferrer\" class=\"wp-block-button__link\"><span>en savoir plus<\/span><\/a><\/div>\n<\/div>\n\n\n\n<div style=\"height:30px\" aria-hidden=\"true\" class=\"wp-block-spacer\"><\/div>\n<\/div>\n<\/div><\/div>\n\n\n\n<div id=\"wp-block-themeisle-blocks-advanced-columns-361e9967\" class=\"wp-block-themeisle-blocks-advanced-columns has-1-columns has-desktop-equal-layout has-tablet-equal-layout has-mobile-equal-layout has-vertical-unset\"><div class=\"wp-block-themeisle-blocks-advanced-columns-overlay\"><\/div><div class=\"innerblocks-wrap\">\n<div id=\"wp-block-themeisle-blocks-advanced-column-63eacde8\" class=\"wp-block-themeisle-blocks-advanced-column\">\n<p class=\"has-text-align-center ticss-45e2f449 has-neve-text-color-color has-text-color has-medium-font-size\">En savoir plus sur ASSIP flex et Home Treatment<\/p>\n\n\n\n<div id=\"wp-block-themeisle-blocks-button-group-0b0b7d33\" class=\"wp-block-themeisle-blocks-button-group wp-block-buttons align-center-desktop\">\n<div id=\"wp-block-themeisle-blocks-button-ad73578f\" class=\"wp-block-themeisle-blocks-button wp-block-button ticss-8dcbc82c is-style-primary\"><a href=\"https:\/\/www.assip.org\/fr\/#video\" target=\"_self\" rel=\"noopener noreferrer\" class=\"wp-block-button__link\"><span>voir la vid\u00e9o<\/span><\/a><\/div>\n<\/div>\n\n\n\n<div style=\"height:30px\" aria-hidden=\"true\" class=\"wp-block-spacer\"><\/div>\n<\/div>\n<\/div><\/div>\n<\/div>\n<\/div><\/div>\n\n\n\n<div style=\"height:50px\" aria-hidden=\"true\" class=\"wp-block-spacer\"><\/div>\n\n\n\n<div id=\"wp-block-themeisle-blocks-advanced-columns-818459a2\" class=\"wp-block-themeisle-blocks-advanced-columns alignfull has-1-columns has-desktop-equal-layout has-tablet-equal-layout has-mobile-equal-layout has-vertical-unset ticss-d766bf0c  has-dark-bg\"><div class=\"wp-block-themeisle-blocks-advanced-columns-overlay\"><\/div><div class=\"innerblocks-wrap\">\n<div id=\"wp-block-themeisle-blocks-advanced-column-1b8e803d\" class=\"wp-block-themeisle-blocks-advanced-column ticss-d24acd96\">\n<div style=\"height:50px\" aria-hidden=\"true\" id=\"video\" class=\"wp-block-spacer\"><\/div>\n\n\n\n<figure class=\"wp-block-embed is-type-video is-provider-youtube wp-block-embed-youtube wp-embed-aspect-16-9 wp-has-aspect-ratio\"><div class=\"wp-block-embed__wrapper\">\n<div class=\"nv-iframe-embed\"><iframe loading=\"lazy\" title=\"ASSIP flex\" width=\"1200\" height=\"675\" src=\"https:\/\/www.youtube.com\/embed\/coL7MCs4UYw?feature=oembed\" frameborder=\"0\" allow=\"accelerometer; autoplay; clipboard-write; encrypted-media; gyroscope; picture-in-picture; web-share\" referrerpolicy=\"strict-origin-when-cross-origin\" allowfullscreen><\/iframe><\/div>\n<\/div><\/figure>\n<\/div>\n<\/div><\/div>\n\n\n\n<div style=\"height:50px\" aria-hidden=\"true\" class=\"wp-block-spacer\"><\/div>\n\n\n<div class=\"wpforms-container wpforms-container-full wpforms-block wpforms-block-de7f5adf-827a-4ba8-b86c-a418e990b409\" id=\"wpforms-4180\"><form id=\"wpforms-form-4180\" class=\"wpforms-validate wpforms-form wpforms-ajax-form\" data-formid=\"4180\" method=\"post\" enctype=\"multipart\/form-data\" action=\"\/fr\/wp-json\/wp\/v2\/pages\/3212\" data-token=\"44e85183ccc027a0490eaaa1fff0ab4f\" data-token-time=\"1776541249\"><div class=\"wpforms-head-container\"><div class=\"wpforms-title\">Newsletter abonnieren<\/div><div class=\"wpforms-description\">Wir versenden 2-3 mal pro Jahr einen Newsletter mit wichtigen Informationen per E-Mail.<\/div><\/div><noscript class=\"wpforms-error-noscript\">Veuillez activer JavaScript dans votre navigateur pour remplir ce formulaire.<\/noscript><div class=\"wpforms-field-container\"><div id=\"wpforms-4180-field_1-container\" class=\"wpforms-field wpforms-field-name\" data-field-id=\"1\"><label class=\"wpforms-field-label\">Name <span class=\"wpforms-required-label\">*<\/span><\/label><div class=\"wpforms-field-row wpforms-field-medium\"><div class=\"wpforms-field-row-block wpforms-first wpforms-one-half\"><input type=\"text\" id=\"wpforms-4180-field_1\" class=\"wpforms-field-name-first wpforms-field-required\" name=\"wpforms[fields][1][first]\" required><label for=\"wpforms-4180-field_1\" class=\"wpforms-field-sublabel after\">Pr\u00e9nom<\/label><\/div><div class=\"wpforms-field-row-block wpforms-one-half\"><input type=\"text\" id=\"wpforms-4180-field_1-last\" class=\"wpforms-field-name-last wpforms-field-required\" name=\"wpforms[fields][1][last]\" required><label for=\"wpforms-4180-field_1-last\" class=\"wpforms-field-sublabel after\">Nom<\/label><\/div><\/div><\/div><div id=\"wpforms-4180-field_2-container\" class=\"wpforms-field wpforms-field-email\" data-field-id=\"2\"><label class=\"wpforms-field-label\" for=\"wpforms-4180-field_2\">E-Mail <span class=\"wpforms-required-label\">*<\/span><\/label><input type=\"email\" id=\"wpforms-4180-field_2\" class=\"wpforms-field-medium wpforms-field-required\" name=\"wpforms[fields][2]\" spellcheck=\"false\" required><\/div><\/div><!-- .wpforms-field-container --><div class=\"wpforms-recaptcha-container wpforms-is-recaptcha wpforms-is-recaptcha-type-v2\" ><div class=\"g-recaptcha\" data-sitekey=\"6LczBjQjAAAAAFDokEC9fArpHC32-XtD1BkMMroN\"><\/div><input type=\"text\" name=\"g-recaptcha-hidden\" class=\"wpforms-recaptcha-hidden\" style=\"position:absolute!important;clip:rect(0,0,0,0)!important;height:1px!important;width:1px!important;border:0!important;overflow:hidden!important;padding:0!important;margin:0!important;\" data-rule-recaptcha=\"1\"><\/div><div class=\"wpforms-submit-container\" ><input type=\"hidden\" name=\"wpforms[id]\" value=\"4180\"><input type=\"hidden\" name=\"page_title\" value=\"\"><input type=\"hidden\" name=\"page_url\" value=\"https:\/\/www.assip.org\/fr\/wp-json\/wp\/v2\/pages\/3212\"><input type=\"hidden\" name=\"url_referer\" value=\"\"><button type=\"submit\" name=\"wpforms[submit]\" id=\"wpforms-submit-4180\" class=\"wpforms-submit\" data-alt-text=\"Senden\u2026\" data-submit-text=\"Absenden\" aria-live=\"assertive\" value=\"wpforms-submit\">Absenden<\/button><img loading=\"lazy\" decoding=\"async\" src=\"https:\/\/www.assip.org\/wp-content\/plugins\/wpforms\/assets\/images\/submit-spin.svg\" class=\"wpforms-submit-spinner\" style=\"display: none;\" width=\"26\" height=\"26\" alt=\"Chargement en cours\"><\/div><\/form><\/div>  <!-- .wpforms-container -->","protected":false},"excerpt":{"rendered":"<p>ASSIP flex Attempted Suicide Short Intervention Program Une th\u00e9rapie br\u00e8ve pour les personnes ayant fait une tentative de suicide<\/p>\n","protected":false},"author":2,"featured_media":0,"parent":0,"menu_order":0,"comment_status":"closed","ping_status":"closed","template":"","meta":{"_acf_changed":false,"neve_meta_sidebar":"full-width","neve_meta_container":"","neve_meta_enable_content_width":"off","neve_meta_content_width":0,"neve_meta_title_alignment":"","neve_meta_author_avatar":"","neve_post_elements_order":"","neve_meta_disable_header":"","neve_meta_disable_footer":"","neve_meta_disable_title":"on","_themeisle_gutenberg_block_has_review":false,"footnotes":""},"class_list":["post-3212","page","type-page","status-publish","hentry"],"acf":[],"yoast_head":"<!-- This site is optimized with the Yoast SEO plugin v27.4 - https:\/\/yoast.com\/product\/yoast-seo-wordpress\/ -->\n<title>Home | ASSIP flex<\/title>\n<meta name=\"description\" content=\"ASSIP flex est une th\u00e9rapie br\u00e8ve destin\u00e9e aux personnes ayant fait une tentative de suicide. Elle r\u00e9duit le risque de r\u00e9cidive suicidaire d\u2019environ 80\u202f%. Le programme comprend seulement 3 \u00e0 4 s\u00e9ances dans l\u2019environnement habituel de la personne concern\u00e9e, ainsi qu\u2019un suivi \u00e0 long terme sur plusieurs ann\u00e9es.\" \/>\n<meta name=\"robots\" content=\"index, follow, max-snippet:-1, max-image-preview:large, max-video-preview:-1\" \/>\n<link rel=\"canonical\" href=\"https:\/\/www.assip.org\/fr\/\" \/>\n<meta property=\"og:locale\" content=\"fr_FR\" \/>\n<meta property=\"og:type\" content=\"article\" \/>\n<meta property=\"og:title\" content=\"Home | ASSIP flex\" \/>\n<meta property=\"og:description\" content=\"ASSIP flex est une th\u00e9rapie br\u00e8ve destin\u00e9e aux personnes ayant fait une tentative de suicide. Elle r\u00e9duit le risque de r\u00e9cidive suicidaire d\u2019environ 80\u202f%. Le programme comprend seulement 3 \u00e0 4 s\u00e9ances dans l\u2019environnement habituel de la personne concern\u00e9e, ainsi qu\u2019un suivi \u00e0 long terme sur plusieurs ann\u00e9es.\" \/>\n<meta property=\"og:url\" content=\"https:\/\/www.assip.org\/fr\/\" \/>\n<meta property=\"og:site_name\" content=\"ASSIP flex\" \/>\n<meta property=\"article:modified_time\" content=\"2026-02-03T14:46:32+00:00\" \/>\n<meta name=\"twitter:card\" content=\"summary_large_image\" \/>\n<meta name=\"twitter:label1\" content=\"Dur\u00e9e de lecture estim\u00e9e\" \/>\n\t<meta name=\"twitter:data1\" content=\"2 minutes\" \/>\n<script type=\"application\/ld+json\" class=\"yoast-schema-graph\">{\"@context\":\"https:\\\/\\\/schema.org\",\"@graph\":[{\"@type\":\"WebPage\",\"@id\":\"https:\\\/\\\/www.assip.org\\\/fr\\\/\",\"url\":\"https:\\\/\\\/www.assip.org\\\/fr\\\/\",\"name\":\"Home | ASSIP flex\",\"isPartOf\":{\"@id\":\"https:\\\/\\\/www.assip.org\\\/fr\\\/#website\"},\"datePublished\":\"2020-08-12T09:09:36+00:00\",\"dateModified\":\"2026-02-03T14:46:32+00:00\",\"description\":\"ASSIP flex est une th\u00e9rapie br\u00e8ve destin\u00e9e aux personnes ayant fait une tentative de suicide. Elle r\u00e9duit le risque de r\u00e9cidive suicidaire d\u2019environ 80\u202f%. Le programme comprend seulement 3 \u00e0 4 s\u00e9ances dans l\u2019environnement habituel de la personne concern\u00e9e, ainsi qu\u2019un suivi \u00e0 long terme sur plusieurs ann\u00e9es.\",\"breadcrumb\":{\"@id\":\"https:\\\/\\\/www.assip.org\\\/fr\\\/#breadcrumb\"},\"inLanguage\":\"fr-FR\",\"potentialAction\":[{\"@type\":\"ReadAction\",\"target\":[\"https:\\\/\\\/www.assip.org\\\/fr\\\/\"]}]},{\"@type\":\"BreadcrumbList\",\"@id\":\"https:\\\/\\\/www.assip.org\\\/fr\\\/#breadcrumb\",\"itemListElement\":[{\"@type\":\"ListItem\",\"position\":1,\"name\":\"Home\",\"item\":\"https:\\\/\\\/www.assip.org\\\/fr\\\/\"},{\"@type\":\"ListItem\",\"position\":2,\"name\":\"Home\"}]},{\"@type\":\"WebSite\",\"@id\":\"https:\\\/\\\/www.assip.org\\\/fr\\\/#website\",\"url\":\"https:\\\/\\\/www.assip.org\\\/fr\\\/\",\"name\":\"ASSIP Home Treatment\",\"description\":\"\",\"publisher\":{\"@id\":\"https:\\\/\\\/www.assip.org\\\/fr\\\/#organization\"},\"potentialAction\":[{\"@type\":\"SearchAction\",\"target\":{\"@type\":\"EntryPoint\",\"urlTemplate\":\"https:\\\/\\\/www.assip.org\\\/fr\\\/?s={search_term_string}\"},\"query-input\":{\"@type\":\"PropertyValueSpecification\",\"valueRequired\":true,\"valueName\":\"search_term_string\"}}],\"inLanguage\":\"fr-FR\"},{\"@type\":\"Organization\",\"@id\":\"https:\\\/\\\/www.assip.org\\\/fr\\\/#organization\",\"name\":\"ASSIP Home Treatment\",\"url\":\"https:\\\/\\\/www.assip.org\\\/fr\\\/\",\"logo\":{\"@type\":\"ImageObject\",\"inLanguage\":\"fr-FR\",\"@id\":\"https:\\\/\\\/www.assip.org\\\/fr\\\/#\\\/schema\\\/logo\\\/image\\\/\",\"url\":\"https:\\\/\\\/www.assip.org\\\/wp-content\\\/uploads\\\/2022\\\/09\\\/ASSIP_LOGO_WEB.png\",\"contentUrl\":\"https:\\\/\\\/www.assip.org\\\/wp-content\\\/uploads\\\/2022\\\/09\\\/ASSIP_LOGO_WEB.png\",\"width\":400,\"height\":217,\"caption\":\"ASSIP Home Treatment\"},\"image\":{\"@id\":\"https:\\\/\\\/www.assip.org\\\/fr\\\/#\\\/schema\\\/logo\\\/image\\\/\"}}]}<\/script>\n<!-- \/ Yoast SEO plugin. -->","yoast_head_json":{"title":"Home | ASSIP flex","description":"ASSIP flex est une th\u00e9rapie br\u00e8ve destin\u00e9e aux personnes ayant fait une tentative de suicide. Elle r\u00e9duit le risque de r\u00e9cidive suicidaire d\u2019environ 80\u202f%. Le programme comprend seulement 3 \u00e0 4 s\u00e9ances dans l\u2019environnement habituel de la personne concern\u00e9e, ainsi qu\u2019un suivi \u00e0 long terme sur plusieurs ann\u00e9es.","robots":{"index":"index","follow":"follow","max-snippet":"max-snippet:-1","max-image-preview":"max-image-preview:large","max-video-preview":"max-video-preview:-1"},"canonical":"https:\/\/www.assip.org\/fr\/","og_locale":"fr_FR","og_type":"article","og_title":"Home | ASSIP flex","og_description":"ASSIP flex est une th\u00e9rapie br\u00e8ve destin\u00e9e aux personnes ayant fait une tentative de suicide. Elle r\u00e9duit le risque de r\u00e9cidive suicidaire d\u2019environ 80\u202f%. Le programme comprend seulement 3 \u00e0 4 s\u00e9ances dans l\u2019environnement habituel de la personne concern\u00e9e, ainsi qu\u2019un suivi \u00e0 long terme sur plusieurs ann\u00e9es.","og_url":"https:\/\/www.assip.org\/fr\/","og_site_name":"ASSIP flex","article_modified_time":"2026-02-03T14:46:32+00:00","twitter_card":"summary_large_image","twitter_misc":{"Dur\u00e9e de lecture estim\u00e9e":"2 minutes"},"schema":{"@context":"https:\/\/schema.org","@graph":[{"@type":"WebPage","@id":"https:\/\/www.assip.org\/fr\/","url":"https:\/\/www.assip.org\/fr\/","name":"Home | ASSIP flex","isPartOf":{"@id":"https:\/\/www.assip.org\/fr\/#website"},"datePublished":"2020-08-12T09:09:36+00:00","dateModified":"2026-02-03T14:46:32+00:00","description":"ASSIP flex est une th\u00e9rapie br\u00e8ve destin\u00e9e aux personnes ayant fait une tentative de suicide. Elle r\u00e9duit le risque de r\u00e9cidive suicidaire d\u2019environ 80\u202f%. Le programme comprend seulement 3 \u00e0 4 s\u00e9ances dans l\u2019environnement habituel de la personne concern\u00e9e, ainsi qu\u2019un suivi \u00e0 long terme sur plusieurs ann\u00e9es.","breadcrumb":{"@id":"https:\/\/www.assip.org\/fr\/#breadcrumb"},"inLanguage":"fr-FR","potentialAction":[{"@type":"ReadAction","target":["https:\/\/www.assip.org\/fr\/"]}]},{"@type":"BreadcrumbList","@id":"https:\/\/www.assip.org\/fr\/#breadcrumb","itemListElement":[{"@type":"ListItem","position":1,"name":"Home","item":"https:\/\/www.assip.org\/fr\/"},{"@type":"ListItem","position":2,"name":"Home"}]},{"@type":"WebSite","@id":"https:\/\/www.assip.org\/fr\/#website","url":"https:\/\/www.assip.org\/fr\/","name":"ASSIP Home Treatment","description":"","publisher":{"@id":"https:\/\/www.assip.org\/fr\/#organization"},"potentialAction":[{"@type":"SearchAction","target":{"@type":"EntryPoint","urlTemplate":"https:\/\/www.assip.org\/fr\/?s={search_term_string}"},"query-input":{"@type":"PropertyValueSpecification","valueRequired":true,"valueName":"search_term_string"}}],"inLanguage":"fr-FR"},{"@type":"Organization","@id":"https:\/\/www.assip.org\/fr\/#organization","name":"ASSIP Home Treatment","url":"https:\/\/www.assip.org\/fr\/","logo":{"@type":"ImageObject","inLanguage":"fr-FR","@id":"https:\/\/www.assip.org\/fr\/#\/schema\/logo\/image\/","url":"https:\/\/www.assip.org\/wp-content\/uploads\/2022\/09\/ASSIP_LOGO_WEB.png","contentUrl":"https:\/\/www.assip.org\/wp-content\/uploads\/2022\/09\/ASSIP_LOGO_WEB.png","width":400,"height":217,"caption":"ASSIP Home Treatment"},"image":{"@id":"https:\/\/www.assip.org\/fr\/#\/schema\/logo\/image\/"}}]}},"jetpack_sharing_enabled":true,"_links":{"self":[{"href":"https:\/\/www.assip.org\/fr\/wp-json\/wp\/v2\/pages\/3212","targetHints":{"allow":["GET"]}}],"collection":[{"href":"https:\/\/www.assip.org\/fr\/wp-json\/wp\/v2\/pages"}],"about":[{"href":"https:\/\/www.assip.org\/fr\/wp-json\/wp\/v2\/types\/page"}],"author":[{"embeddable":true,"href":"https:\/\/www.assip.org\/fr\/wp-json\/wp\/v2\/users\/2"}],"replies":[{"embeddable":true,"href":"https:\/\/www.assip.org\/fr\/wp-json\/wp\/v2\/comments?post=3212"}],"version-history":[{"count":48,"href":"https:\/\/www.assip.org\/fr\/wp-json\/wp\/v2\/pages\/3212\/revisions"}],"predecessor-version":[{"id":7072,"href":"https:\/\/www.assip.org\/fr\/wp-json\/wp\/v2\/pages\/3212\/revisions\/7072"}],"wp:attachment":[{"href":"https:\/\/www.assip.org\/fr\/wp-json\/wp\/v2\/media?parent=3212"}],"curies":[{"name":"wp","href":"https:\/\/api.w.org\/{rel}","templated":true}]}}