{"id":3316,"date":"2022-09-03T12:13:53","date_gmt":"2022-09-03T10:13:53","guid":{"rendered":"https:\/\/www.assip.org\/pour-les-patientes\/"},"modified":"2024-03-15T14:50:33","modified_gmt":"2024-03-15T13:50:33","slug":"pour-les-patientes","status":"publish","type":"page","link":"https:\/\/www.assip.org\/fr\/pour-les-patientes\/","title":{"rendered":"Pour les patient\u00b7e\u00b7s"},"content":{"rendered":"\n<h1 class=\"wp-block-heading\">Pour les patient\u00b7e\u00b7s<\/h1>\n\n\n\n<p>Voici des informations sp\u00e9cifiquement destin\u00e9es aux patient\u00b7e\u00b7s: questions fondamentales sur ASSIP flex, d\u00e9roulement de la th\u00e9rapie, modalit\u00e9s d&rsquo;inscription, t\u00e9moignages d&rsquo;exp\u00e9rience et autres contenus.<\/p>\n\n\n\n<div id=\"wp-block-themeisle-blocks-advanced-columns-fc38ec35\" class=\"wp-block-themeisle-blocks-advanced-columns alignfull has-2-columns has-desktop-equal-layout has-tablet-equal-layout has-mobile-collapsedRows-layout has-vertical-center has-dark-bg\"><div class=\"wp-block-themeisle-blocks-advanced-columns-overlay\"><\/div><div class=\"innerblocks-wrap\">\n<div id=\"wp-block-themeisle-blocks-advanced-column-3e2b9c15\" class=\"wp-block-themeisle-blocks-advanced-column has-light-bg\">\n<p class=\"has-text-align-center ticss-45e2f449 has-neve-link-color-color has-text-color has-medium-font-size\"><a href=\"https:\/\/www.assip.org\/fr\/pour-les-patientes\/home\/\">Qu&rsquo;est-ce que ASSIP flex?<\/a><\/p>\n\n\n\n<div id=\"wp-block-themeisle-blocks-font-awesome-icons-d2f0d524\" class=\"wp-block-themeisle-blocks-font-awesome-icons\"><span class=\"wp-block-themeisle-blocks-font-awesome-icons-container\"><a href=\"https:\/\/www.assip.org\/fr\/pour-les-patientes\/home\/\" target=\"_blank\" rel=\"noopener noreferrer\"><i class=\"fas fa-home\"><\/i><\/a><\/span><\/div>\n<\/div>\n\n\n\n<div id=\"wp-block-themeisle-blocks-advanced-column-11aee78f\" class=\"wp-block-themeisle-blocks-advanced-column has-light-bg\">\n<p class=\"has-text-align-center ticss-45e2f449 has-neve-link-color-color has-text-color has-medium-font-size\"><a href=\"https:\/\/www.assip.org\/fr\/inscription\/\" target=\"_blank\" rel=\"noreferrer noopener\">Comment s&rsquo;inscrire?<\/a><\/p>\n\n\n\n<div id=\"wp-block-themeisle-blocks-font-awesome-icons-147621f1\" class=\"wp-block-themeisle-blocks-font-awesome-icons\"><span class=\"wp-block-themeisle-blocks-font-awesome-icons-container\"><a href=\"https:\/\/www.assip.org\/fr\/inscription\/\" target=\"_blank\" rel=\"noopener noreferrer\"><i class=\"fas fa-envelope-open-text\"><\/i><\/a><\/span><\/div>\n<\/div>\n<\/div><\/div>\n\n\n\n<div id=\"wp-block-themeisle-blocks-advanced-columns-8b38d54f\" class=\"wp-block-themeisle-blocks-advanced-columns alignfull has-2-columns has-desktop-equal-layout has-tablet-equal-layout has-mobile-collapsedRows-layout has-vertical-center has-dark-bg\"><div class=\"wp-block-themeisle-blocks-advanced-columns-overlay\"><\/div><div class=\"innerblocks-wrap\">\n<div id=\"wp-block-themeisle-blocks-advanced-column-0c5ab103\" class=\"wp-block-themeisle-blocks-advanced-column has-light-bg\">\n<p class=\"has-text-align-center ticss-45e2f449 has-neve-link-color-color has-text-color has-medium-font-size\"><a href=\"https:\/\/www.assip.org\/fr\/pour-les-patientes\/temoignages\/\">Qu&rsquo;en disent les autres sur ASSIP flex?<\/a><\/p>\n\n\n\n<div id=\"wp-block-themeisle-blocks-font-awesome-icons-94be6b10\" class=\"wp-block-themeisle-blocks-font-awesome-icons\"><span class=\"wp-block-themeisle-blocks-font-awesome-icons-container\"><a href=\"https:\/\/www.assip.org\/fr\/pour-les-patientes\/temoignages\/\" target=\"_blank\" rel=\"noopener noreferrer\"><i class=\"fas fa-comments\"><\/i><\/a><\/span><\/div>\n<\/div>\n\n\n\n<div id=\"wp-block-themeisle-blocks-advanced-column-f55fb812\" class=\"wp-block-themeisle-blocks-advanced-column has-light-bg\">\n<p class=\"has-text-align-center ticss-45e2f449 has-neve-link-color-color has-text-color has-medium-font-size\"><a href=\"https:\/\/www.assip.org\/fr\/pour-les-patientes\/autres-offres\/\" target=\"_blank\" rel=\"noreferrer noopener\">O\u00f9 puis-je trouver d&rsquo;autres offres ?<\/a><\/p>\n\n\n\n<div id=\"wp-block-themeisle-blocks-font-awesome-icons-76b37e45\" class=\"wp-block-themeisle-blocks-font-awesome-icons\"><span class=\"wp-block-themeisle-blocks-font-awesome-icons-container\"><a href=\"https:\/\/www.assip.org\/fr\/pour-les-patientes\/autres-offres\/\" target=\"_blank\" rel=\"noopener noreferrer\"><i class=\"fas fa-hospital-user\"><\/i><\/a><\/span><\/div>\n<\/div>\n<\/div><\/div>\n","protected":false},"excerpt":{"rendered":"<p>Pour les patient\u00b7e\u00b7s Voici des informations sp\u00e9cifiquement destin\u00e9es aux patient\u00b7e\u00b7s: questions fondamentales sur ASSIP flex, d\u00e9roulement de la th\u00e9rapie, modalit\u00e9s d&rsquo;inscription, t\u00e9moignages d&rsquo;exp\u00e9rience et autres contenus.<\/p>\n","protected":false},"author":1,"featured_media":0,"parent":0,"menu_order":1,"comment_status":"closed","ping_status":"closed","template":"","meta":{"_acf_changed":false,"neve_meta_sidebar":"","neve_meta_container":"","neve_meta_enable_content_width":"off","neve_meta_content_width":100,"neve_meta_title_alignment":"","neve_meta_author_avatar":"","neve_post_elements_order":"","neve_meta_disable_header":"","neve_meta_disable_footer":"","neve_meta_disable_title":"","_themeisle_gutenberg_block_has_review":false,"footnotes":""},"class_list":["post-3316","page","type-page","status-publish","hentry"],"acf":[],"yoast_head":"<!-- This site is optimized with the Yoast SEO plugin v27.4 - https:\/\/yoast.com\/product\/yoast-seo-wordpress\/ -->\n<title>Pour les patient\u00b7e\u00b7s | ASSIP flex<\/title>\n<meta name=\"description\" content=\"Voici des informations sp\u00e9cifiquement destin\u00e9es aux patient\u00b7e\u00b7s: questions fondamentales sur ASSIP flex, d\u00e9roulement de la th\u00e9rapie, modalit\u00e9s d&#039;inscription, t\u00e9moignages d&#039;exp\u00e9rience et autres contenus.\" \/>\n<meta name=\"robots\" content=\"index, follow, max-snippet:-1, max-image-preview:large, max-video-preview:-1\" \/>\n<link rel=\"canonical\" href=\"https:\/\/www.assip.org\/fr\/pour-les-patientes\/\" \/>\n<meta property=\"og:locale\" content=\"fr_FR\" \/>\n<meta property=\"og:type\" content=\"article\" \/>\n<meta property=\"og:title\" content=\"Pour les patient\u00b7e\u00b7s | ASSIP flex\" \/>\n<meta property=\"og:description\" content=\"Voici des informations sp\u00e9cifiquement destin\u00e9es aux patient\u00b7e\u00b7s: questions fondamentales sur ASSIP flex, d\u00e9roulement de la th\u00e9rapie, modalit\u00e9s d&#039;inscription, t\u00e9moignages d&#039;exp\u00e9rience et autres contenus.\" \/>\n<meta property=\"og:url\" content=\"https:\/\/www.assip.org\/fr\/pour-les-patientes\/\" \/>\n<meta property=\"og:site_name\" content=\"ASSIP flex\" \/>\n<meta property=\"article:modified_time\" content=\"2024-03-15T13:50:33+00:00\" \/>\n<meta name=\"twitter:card\" content=\"summary_large_image\" \/>\n<meta name=\"twitter:label1\" content=\"Dur\u00e9e de lecture estim\u00e9e\" \/>\n\t<meta name=\"twitter:data1\" content=\"1 minute\" \/>\n<script type=\"application\/ld+json\" class=\"yoast-schema-graph\">{\"@context\":\"https:\\\/\\\/schema.org\",\"@graph\":[{\"@type\":\"WebPage\",\"@id\":\"https:\\\/\\\/www.assip.org\\\/fr\\\/pour-les-patientes\\\/\",\"url\":\"https:\\\/\\\/www.assip.org\\\/fr\\\/pour-les-patientes\\\/\",\"name\":\"Pour les patient\u00b7e\u00b7s | ASSIP flex\",\"isPartOf\":{\"@id\":\"https:\\\/\\\/www.assip.org\\\/fr\\\/#website\"},\"datePublished\":\"2022-09-03T10:13:53+00:00\",\"dateModified\":\"2024-03-15T13:50:33+00:00\",\"description\":\"Voici des informations sp\u00e9cifiquement destin\u00e9es aux patient\u00b7e\u00b7s: questions fondamentales sur ASSIP flex, d\u00e9roulement de la th\u00e9rapie, modalit\u00e9s d'inscription, t\u00e9moignages d'exp\u00e9rience et autres contenus.\",\"breadcrumb\":{\"@id\":\"https:\\\/\\\/www.assip.org\\\/fr\\\/pour-les-patientes\\\/#breadcrumb\"},\"inLanguage\":\"fr-FR\",\"potentialAction\":[{\"@type\":\"ReadAction\",\"target\":[\"https:\\\/\\\/www.assip.org\\\/fr\\\/pour-les-patientes\\\/\"]}]},{\"@type\":\"BreadcrumbList\",\"@id\":\"https:\\\/\\\/www.assip.org\\\/fr\\\/pour-les-patientes\\\/#breadcrumb\",\"itemListElement\":[{\"@type\":\"ListItem\",\"position\":1,\"name\":\"Home\",\"item\":\"https:\\\/\\\/www.assip.org\\\/fr\\\/\"},{\"@type\":\"ListItem\",\"position\":2,\"name\":\"Pour les patient\u00b7e\u00b7s\"}]},{\"@type\":\"WebSite\",\"@id\":\"https:\\\/\\\/www.assip.org\\\/fr\\\/#website\",\"url\":\"https:\\\/\\\/www.assip.org\\\/fr\\\/\",\"name\":\"ASSIP Home Treatment\",\"description\":\"\",\"publisher\":{\"@id\":\"https:\\\/\\\/www.assip.org\\\/fr\\\/#organization\"},\"potentialAction\":[{\"@type\":\"SearchAction\",\"target\":{\"@type\":\"EntryPoint\",\"urlTemplate\":\"https:\\\/\\\/www.assip.org\\\/fr\\\/?s={search_term_string}\"},\"query-input\":{\"@type\":\"PropertyValueSpecification\",\"valueRequired\":true,\"valueName\":\"search_term_string\"}}],\"inLanguage\":\"fr-FR\"},{\"@type\":\"Organization\",\"@id\":\"https:\\\/\\\/www.assip.org\\\/fr\\\/#organization\",\"name\":\"ASSIP Home Treatment\",\"url\":\"https:\\\/\\\/www.assip.org\\\/fr\\\/\",\"logo\":{\"@type\":\"ImageObject\",\"inLanguage\":\"fr-FR\",\"@id\":\"https:\\\/\\\/www.assip.org\\\/fr\\\/#\\\/schema\\\/logo\\\/image\\\/\",\"url\":\"https:\\\/\\\/www.assip.org\\\/wp-content\\\/uploads\\\/2022\\\/09\\\/ASSIP_LOGO_WEB.png\",\"contentUrl\":\"https:\\\/\\\/www.assip.org\\\/wp-content\\\/uploads\\\/2022\\\/09\\\/ASSIP_LOGO_WEB.png\",\"width\":400,\"height\":217,\"caption\":\"ASSIP Home Treatment\"},\"image\":{\"@id\":\"https:\\\/\\\/www.assip.org\\\/fr\\\/#\\\/schema\\\/logo\\\/image\\\/\"}}]}<\/script>\n<!-- \/ Yoast SEO plugin. -->","yoast_head_json":{"title":"Pour les patient\u00b7e\u00b7s | ASSIP flex","description":"Voici des informations sp\u00e9cifiquement destin\u00e9es aux patient\u00b7e\u00b7s: questions fondamentales sur ASSIP flex, d\u00e9roulement de la th\u00e9rapie, modalit\u00e9s d'inscription, t\u00e9moignages d'exp\u00e9rience et autres contenus.","robots":{"index":"index","follow":"follow","max-snippet":"max-snippet:-1","max-image-preview":"max-image-preview:large","max-video-preview":"max-video-preview:-1"},"canonical":"https:\/\/www.assip.org\/fr\/pour-les-patientes\/","og_locale":"fr_FR","og_type":"article","og_title":"Pour les patient\u00b7e\u00b7s | ASSIP flex","og_description":"Voici des informations sp\u00e9cifiquement destin\u00e9es aux patient\u00b7e\u00b7s: questions fondamentales sur ASSIP flex, d\u00e9roulement de la th\u00e9rapie, modalit\u00e9s d'inscription, t\u00e9moignages d'exp\u00e9rience et autres contenus.","og_url":"https:\/\/www.assip.org\/fr\/pour-les-patientes\/","og_site_name":"ASSIP flex","article_modified_time":"2024-03-15T13:50:33+00:00","twitter_card":"summary_large_image","twitter_misc":{"Dur\u00e9e de lecture estim\u00e9e":"1 minute"},"schema":{"@context":"https:\/\/schema.org","@graph":[{"@type":"WebPage","@id":"https:\/\/www.assip.org\/fr\/pour-les-patientes\/","url":"https:\/\/www.assip.org\/fr\/pour-les-patientes\/","name":"Pour les patient\u00b7e\u00b7s | ASSIP flex","isPartOf":{"@id":"https:\/\/www.assip.org\/fr\/#website"},"datePublished":"2022-09-03T10:13:53+00:00","dateModified":"2024-03-15T13:50:33+00:00","description":"Voici des informations sp\u00e9cifiquement destin\u00e9es aux patient\u00b7e\u00b7s: questions fondamentales sur ASSIP flex, d\u00e9roulement de la th\u00e9rapie, modalit\u00e9s d'inscription, t\u00e9moignages d'exp\u00e9rience et autres contenus.","breadcrumb":{"@id":"https:\/\/www.assip.org\/fr\/pour-les-patientes\/#breadcrumb"},"inLanguage":"fr-FR","potentialAction":[{"@type":"ReadAction","target":["https:\/\/www.assip.org\/fr\/pour-les-patientes\/"]}]},{"@type":"BreadcrumbList","@id":"https:\/\/www.assip.org\/fr\/pour-les-patientes\/#breadcrumb","itemListElement":[{"@type":"ListItem","position":1,"name":"Home","item":"https:\/\/www.assip.org\/fr\/"},{"@type":"ListItem","position":2,"name":"Pour les patient\u00b7e\u00b7s"}]},{"@type":"WebSite","@id":"https:\/\/www.assip.org\/fr\/#website","url":"https:\/\/www.assip.org\/fr\/","name":"ASSIP Home Treatment","description":"","publisher":{"@id":"https:\/\/www.assip.org\/fr\/#organization"},"potentialAction":[{"@type":"SearchAction","target":{"@type":"EntryPoint","urlTemplate":"https:\/\/www.assip.org\/fr\/?s={search_term_string}"},"query-input":{"@type":"PropertyValueSpecification","valueRequired":true,"valueName":"search_term_string"}}],"inLanguage":"fr-FR"},{"@type":"Organization","@id":"https:\/\/www.assip.org\/fr\/#organization","name":"ASSIP Home Treatment","url":"https:\/\/www.assip.org\/fr\/","logo":{"@type":"ImageObject","inLanguage":"fr-FR","@id":"https:\/\/www.assip.org\/fr\/#\/schema\/logo\/image\/","url":"https:\/\/www.assip.org\/wp-content\/uploads\/2022\/09\/ASSIP_LOGO_WEB.png","contentUrl":"https:\/\/www.assip.org\/wp-content\/uploads\/2022\/09\/ASSIP_LOGO_WEB.png","width":400,"height":217,"caption":"ASSIP Home Treatment"},"image":{"@id":"https:\/\/www.assip.org\/fr\/#\/schema\/logo\/image\/"}}]}},"jetpack_sharing_enabled":true,"_links":{"self":[{"href":"https:\/\/www.assip.org\/fr\/wp-json\/wp\/v2\/pages\/3316","targetHints":{"allow":["GET"]}}],"collection":[{"href":"https:\/\/www.assip.org\/fr\/wp-json\/wp\/v2\/pages"}],"about":[{"href":"https:\/\/www.assip.org\/fr\/wp-json\/wp\/v2\/types\/page"}],"author":[{"embeddable":true,"href":"https:\/\/www.assip.org\/fr\/wp-json\/wp\/v2\/users\/1"}],"replies":[{"embeddable":true,"href":"https:\/\/www.assip.org\/fr\/wp-json\/wp\/v2\/comments?post=3316"}],"version-history":[{"count":10,"href":"https:\/\/www.assip.org\/fr\/wp-json\/wp\/v2\/pages\/3316\/revisions"}],"predecessor-version":[{"id":5612,"href":"https:\/\/www.assip.org\/fr\/wp-json\/wp\/v2\/pages\/3316\/revisions\/5612"}],"wp:attachment":[{"href":"https:\/\/www.assip.org\/fr\/wp-json\/wp\/v2\/media?parent=3316"}],"curies":[{"name":"wp","href":"https:\/\/api.w.org\/{rel}","templated":true}]}}