{"id":3350,"date":"2022-09-03T12:16:06","date_gmt":"2022-09-03T10:16:06","guid":{"rendered":"https:\/\/www.assip.org\/a-propos-de-nous\/"},"modified":"2025-09-29T13:11:06","modified_gmt":"2025-09-29T11:11:06","slug":"a-propos-de-nous","status":"publish","type":"page","link":"https:\/\/www.assip.org\/fr\/a-propos-de-nous\/","title":{"rendered":"\u00c0 propos de nous"},"content":{"rendered":"\n<h1 class=\"wp-block-heading\">\u00c0 propos de nous <\/h1>\n\n\n\n<h2 class=\"wp-block-heading\">Le projet ASSIP flex<\/h2>\n\n\n\n<div id=\"wp-block-themeisle-blocks-advanced-columns-999b0970\" class=\"wp-block-themeisle-blocks-advanced-columns has-1-columns has-desktop-equal-layout has-tablet-equal-layout has-mobile-equal-layout has-vertical-unset\"><div class=\"wp-block-themeisle-blocks-advanced-columns-overlay\"><\/div><div class=\"innerblocks-wrap\">\n<div id=\"wp-block-themeisle-blocks-advanced-column-bdf082f4\" class=\"wp-block-themeisle-blocks-advanced-column\">\n<p>Au d\u00e9but de l&rsquo;ann\u00e9e 2021, la Clinique universitaire de psychiatrie et de psychoth\u00e9rapie a lanc\u00e9 le projet \u00ab\u00a0ASSIP Home Treatment\u00a0\u00bb avec l&rsquo;Universit\u00e9 de Berne, en collaboration avec Promotion Sant\u00e9 Suisse et d&rsquo;autres organisations responsables et partenaires. Cette th\u00e9rapie br\u00e8ve vise \u00e0 r\u00e9duire les comportements suicidaires et les (r\u00e9)hospitalisations chez les personnes ayant fait une tentative de suicide. Apr\u00e8s seulement 3-4 s\u00e9ances, il a \u00e9t\u00e9 d\u00e9montr\u00e9 que l&rsquo;ASSIP r\u00e9duit de 80% le risque de nouveaux actes suicidaires. Avec le soutien de Promotion Sant\u00e9 Suisse, l&rsquo;ASSIP est \u00e9galement propos\u00e9 depuis 2021 en Home Treatment et sera \u00e9galement introduit dans les cantons de ZH, VD et NE au cours de l&rsquo;ann\u00e9e 2023.<\/p>\n<\/div>\n<\/div><\/div>\n\n\n\n<div id=\"wp-block-themeisle-blocks-advanced-columns-fc38ec35\" class=\"wp-block-themeisle-blocks-advanced-columns alignfull has-2-columns has-desktop-equal-layout has-tablet-equal-layout has-mobile-collapsedRows-layout has-vertical-center has-dark-bg\"><div class=\"wp-block-themeisle-blocks-advanced-columns-overlay\"><\/div><div class=\"innerblocks-wrap\">\n<div id=\"wp-block-themeisle-blocks-advanced-column-3e2b9c15\" class=\"wp-block-themeisle-blocks-advanced-column has-light-bg\">\n<p class=\"has-text-align-center ticss-45e2f449 has-neve-link-color-color has-text-color has-medium-font-size\"><a href=\"https:\/\/www.assip.org\/fr\/a-propos-de-nous\/equipe-de-projet\/\" target=\"_blank\" rel=\"noreferrer noopener\">\u00c9quipe de projet<\/a><\/p>\n\n\n\n<div id=\"wp-block-themeisle-blocks-font-awesome-icons-d2f0d524\" class=\"wp-block-themeisle-blocks-font-awesome-icons\"><span class=\"wp-block-themeisle-blocks-font-awesome-icons-container\"><a href=\"https:\/\/www.assip.org\/fr\/a-propos-de-nous\/equipe-de-projet\/\" target=\"_blank\" rel=\"noopener noreferrer\"><i class=\"fas fa-users\"><\/i><\/a><\/span><\/div>\n<\/div>\n\n\n\n<div id=\"wp-block-themeisle-blocks-advanced-column-11aee78f\" class=\"wp-block-themeisle-blocks-advanced-column has-light-bg\">\n<p class=\"has-text-align-center ticss-45e2f449 has-neve-link-color-color has-text-color has-medium-font-size\"><a href=\"https:\/\/www.assip.org\/fr\/a-propos-de-nous\/organismes-responsables\/\" target=\"_blank\" rel=\"noreferrer noopener\">Organisme responsable<\/a><\/p>\n\n\n\n<div id=\"wp-block-themeisle-blocks-font-awesome-icons-147621f1\" class=\"wp-block-themeisle-blocks-font-awesome-icons\"><span class=\"wp-block-themeisle-blocks-font-awesome-icons-container\"><a href=\"https:\/\/www.assip.org\/fr\/a-propos-de-nous\/organismes-responsables\/\" target=\"_blank\" rel=\"noopener noreferrer\"><i class=\"fas fa-handshake\"><\/i><\/a><\/span><\/div>\n<\/div>\n<\/div><\/div>\n\n\n\n<div id=\"wp-block-themeisle-blocks-advanced-columns-8b38d54f\" class=\"wp-block-themeisle-blocks-advanced-columns alignfull has-2-columns has-desktop-equal-layout has-tablet-equal-layout has-mobile-collapsedRows-layout has-vertical-center has-dark-bg\"><div class=\"wp-block-themeisle-blocks-advanced-columns-overlay\"><\/div><div class=\"innerblocks-wrap\">\n<div id=\"wp-block-themeisle-blocks-advanced-column-0c5ab103\" class=\"wp-block-themeisle-blocks-advanced-column has-light-bg\">\n<p class=\"has-text-align-center ticss-45e2f449 has-neve-link-color-color has-text-color has-medium-font-size\"><a href=\"https:\/\/www.assip.org\/fr\/a-propos-de-nous\/postes-vacants\/\" target=\"_blank\" rel=\"noreferrer noopener\">Postes vacants<\/a><\/p>\n\n\n\n<div id=\"wp-block-themeisle-blocks-font-awesome-icons-94be6b10\" class=\"wp-block-themeisle-blocks-font-awesome-icons\"><span class=\"wp-block-themeisle-blocks-font-awesome-icons-container\"><a href=\"https:\/\/www.assip.org\/fr\/a-propos-de-nous\/postes-vacants\/\" target=\"_blank\" rel=\"noopener noreferrer\"><i class=\"fas fa-globe\"><\/i><\/a><\/span><\/div>\n<\/div>\n\n\n\n<div id=\"wp-block-themeisle-blocks-advanced-column-ff1a1f1f\" class=\"wp-block-themeisle-blocks-advanced-column has-light-bg\">\n<p class=\"has-text-align-center ticss-45e2f449 has-neve-link-color-color has-text-color has-medium-font-size\"><a href=\"https:\/\/www.assip.org\/fr\/a-propos-de-nous\/contact\/\" target=\"_blank\" rel=\"noreferrer noopener\">Contact<\/a><\/p>\n\n\n\n<div id=\"wp-block-themeisle-blocks-font-awesome-icons-e14f98b7\" class=\"wp-block-themeisle-blocks-font-awesome-icons\"><span class=\"wp-block-themeisle-blocks-font-awesome-icons-container\"><a href=\"https:\/\/www.assip.org\/fr\/a-propos-de-nous\/contact\/\" target=\"_blank\" rel=\"noopener noreferrer\"><i class=\"fas fa-address-book\"><\/i><\/a><\/span><\/div>\n<\/div>\n<\/div><\/div>\n\n\n\n<div id=\"wp-block-themeisle-blocks-advanced-columns-616009b1\" class=\"wp-block-themeisle-blocks-advanced-columns alignfull has-2-columns has-desktop-equal-layout has-tablet-equal-layout has-mobile-collapsedRows-layout has-vertical-center has-dark-bg\"><div class=\"wp-block-themeisle-blocks-advanced-columns-overlay\"><\/div><div class=\"innerblocks-wrap\">\n<div id=\"wp-block-themeisle-blocks-advanced-column-4917dc80\" class=\"wp-block-themeisle-blocks-advanced-column has-light-bg\">\n<p class=\"has-text-align-center ticss-45e2f449 has-neve-link-color-color has-text-color has-medium-font-size\"><a href=\"https:\/\/www.assip.org\/fr\/a-propos-de-nous\/galerie-de-photos\/\" target=\"_blank\" rel=\"noreferrer noopener\">Galerie de photos<\/a><\/p>\n\n\n\n<div id=\"wp-block-themeisle-blocks-font-awesome-icons-af28d146\" class=\"wp-block-themeisle-blocks-font-awesome-icons\"><span class=\"wp-block-themeisle-blocks-font-awesome-icons-container\"><a href=\"https:\/\/www.assip.org\/fr\/a-propos-de-nous\/galerie-de-photos\/\" target=\"_blank\" rel=\"noopener noreferrer\"><i class=\"fas fa-user-plus\"><\/i><\/a><\/span><\/div>\n<\/div>\n\n\n\n<div id=\"wp-block-themeisle-blocks-advanced-column-f185cbc9\" class=\"wp-block-themeisle-blocks-advanced-column has-dark-bg\"><\/div>\n<\/div><\/div>\n","protected":false},"excerpt":{"rendered":"<p>\u00c0 propos de nous Le projet ASSIP flex<\/p>\n","protected":false},"author":1,"featured_media":0,"parent":0,"menu_order":21,"comment_status":"closed","ping_status":"closed","template":"","meta":{"_acf_changed":false,"neve_meta_sidebar":"","neve_meta_container":"","neve_meta_enable_content_width":"","neve_meta_content_width":0,"neve_meta_title_alignment":"","neve_meta_author_avatar":"","neve_post_elements_order":"","neve_meta_disable_header":"","neve_meta_disable_footer":"","neve_meta_disable_title":"","_themeisle_gutenberg_block_has_review":false,"footnotes":""},"class_list":["post-3350","page","type-page","status-publish","hentry"],"acf":[],"yoast_head":"<!-- This site is optimized with the Yoast SEO plugin v27.5 - https:\/\/yoast.com\/product\/yoast-seo-wordpress\/ -->\n<title>\u00c0 propos de nous | ASSIP Home Treatment<\/title>\n<meta name=\"description\" content=\"D\u00e9but 2021, les SPU ont lanc\u00e9 le projet avec l&#039;Universit\u00e9 de Berne, en collaboration avec Promotion Sant\u00e9 Suisse.\" \/>\n<meta name=\"robots\" content=\"index, follow, max-snippet:-1, max-image-preview:large, max-video-preview:-1\" \/>\n<link rel=\"canonical\" href=\"https:\/\/www.assip.org\/fr\/a-propos-de-nous\/\" \/>\n<meta property=\"og:locale\" content=\"fr_FR\" \/>\n<meta property=\"og:type\" content=\"article\" \/>\n<meta property=\"og:title\" content=\"\u00c0 propos de nous | ASSIP Home Treatment\" \/>\n<meta property=\"og:description\" content=\"D\u00e9but 2021, les SPU ont lanc\u00e9 le projet avec l&#039;Universit\u00e9 de Berne, en collaboration avec Promotion Sant\u00e9 Suisse.\" \/>\n<meta property=\"og:url\" content=\"https:\/\/www.assip.org\/fr\/a-propos-de-nous\/\" \/>\n<meta property=\"og:site_name\" content=\"ASSIP flex\" \/>\n<meta property=\"article:modified_time\" content=\"2025-09-29T11:11:06+00:00\" \/>\n<meta name=\"twitter:card\" content=\"summary_large_image\" \/>\n<meta name=\"twitter:label1\" content=\"Dur\u00e9e de lecture estim\u00e9e\" \/>\n\t<meta name=\"twitter:data1\" content=\"1 minute\" \/>\n<script type=\"application\/ld+json\" class=\"yoast-schema-graph\">{\"@context\":\"https:\\\/\\\/schema.org\",\"@graph\":[{\"@type\":\"WebPage\",\"@id\":\"https:\\\/\\\/www.assip.org\\\/fr\\\/a-propos-de-nous\\\/\",\"url\":\"https:\\\/\\\/www.assip.org\\\/fr\\\/a-propos-de-nous\\\/\",\"name\":\"\u00c0 propos de nous | ASSIP Home Treatment\",\"isPartOf\":{\"@id\":\"https:\\\/\\\/www.assip.org\\\/fr\\\/#website\"},\"datePublished\":\"2022-09-03T10:16:06+00:00\",\"dateModified\":\"2025-09-29T11:11:06+00:00\",\"description\":\"D\u00e9but 2021, les SPU ont lanc\u00e9 le projet avec l'Universit\u00e9 de Berne, en collaboration avec Promotion Sant\u00e9 Suisse.\",\"breadcrumb\":{\"@id\":\"https:\\\/\\\/www.assip.org\\\/fr\\\/a-propos-de-nous\\\/#breadcrumb\"},\"inLanguage\":\"fr-FR\",\"potentialAction\":[{\"@type\":\"ReadAction\",\"target\":[\"https:\\\/\\\/www.assip.org\\\/fr\\\/a-propos-de-nous\\\/\"]}]},{\"@type\":\"BreadcrumbList\",\"@id\":\"https:\\\/\\\/www.assip.org\\\/fr\\\/a-propos-de-nous\\\/#breadcrumb\",\"itemListElement\":[{\"@type\":\"ListItem\",\"position\":1,\"name\":\"Home\",\"item\":\"https:\\\/\\\/www.assip.org\\\/fr\\\/\"},{\"@type\":\"ListItem\",\"position\":2,\"name\":\"\u00c0 propos de nous\"}]},{\"@type\":\"WebSite\",\"@id\":\"https:\\\/\\\/www.assip.org\\\/fr\\\/#website\",\"url\":\"https:\\\/\\\/www.assip.org\\\/fr\\\/\",\"name\":\"ASSIP Home Treatment\",\"description\":\"\",\"publisher\":{\"@id\":\"https:\\\/\\\/www.assip.org\\\/fr\\\/#organization\"},\"potentialAction\":[{\"@type\":\"SearchAction\",\"target\":{\"@type\":\"EntryPoint\",\"urlTemplate\":\"https:\\\/\\\/www.assip.org\\\/fr\\\/?s={search_term_string}\"},\"query-input\":{\"@type\":\"PropertyValueSpecification\",\"valueRequired\":true,\"valueName\":\"search_term_string\"}}],\"inLanguage\":\"fr-FR\"},{\"@type\":\"Organization\",\"@id\":\"https:\\\/\\\/www.assip.org\\\/fr\\\/#organization\",\"name\":\"ASSIP Home Treatment\",\"url\":\"https:\\\/\\\/www.assip.org\\\/fr\\\/\",\"logo\":{\"@type\":\"ImageObject\",\"inLanguage\":\"fr-FR\",\"@id\":\"https:\\\/\\\/www.assip.org\\\/fr\\\/#\\\/schema\\\/logo\\\/image\\\/\",\"url\":\"https:\\\/\\\/www.assip.org\\\/wp-content\\\/uploads\\\/2022\\\/09\\\/ASSIP_LOGO_WEB.png\",\"contentUrl\":\"https:\\\/\\\/www.assip.org\\\/wp-content\\\/uploads\\\/2022\\\/09\\\/ASSIP_LOGO_WEB.png\",\"width\":400,\"height\":217,\"caption\":\"ASSIP Home Treatment\"},\"image\":{\"@id\":\"https:\\\/\\\/www.assip.org\\\/fr\\\/#\\\/schema\\\/logo\\\/image\\\/\"}}]}<\/script>\n<!-- \/ Yoast SEO plugin. -->","yoast_head_json":{"title":"\u00c0 propos de nous | ASSIP Home Treatment","description":"D\u00e9but 2021, les SPU ont lanc\u00e9 le projet avec l'Universit\u00e9 de Berne, en collaboration avec Promotion Sant\u00e9 Suisse.","robots":{"index":"index","follow":"follow","max-snippet":"max-snippet:-1","max-image-preview":"max-image-preview:large","max-video-preview":"max-video-preview:-1"},"canonical":"https:\/\/www.assip.org\/fr\/a-propos-de-nous\/","og_locale":"fr_FR","og_type":"article","og_title":"\u00c0 propos de nous | ASSIP Home Treatment","og_description":"D\u00e9but 2021, les SPU ont lanc\u00e9 le projet avec l'Universit\u00e9 de Berne, en collaboration avec Promotion Sant\u00e9 Suisse.","og_url":"https:\/\/www.assip.org\/fr\/a-propos-de-nous\/","og_site_name":"ASSIP flex","article_modified_time":"2025-09-29T11:11:06+00:00","twitter_card":"summary_large_image","twitter_misc":{"Dur\u00e9e de lecture estim\u00e9e":"1 minute"},"schema":{"@context":"https:\/\/schema.org","@graph":[{"@type":"WebPage","@id":"https:\/\/www.assip.org\/fr\/a-propos-de-nous\/","url":"https:\/\/www.assip.org\/fr\/a-propos-de-nous\/","name":"\u00c0 propos de nous | ASSIP Home Treatment","isPartOf":{"@id":"https:\/\/www.assip.org\/fr\/#website"},"datePublished":"2022-09-03T10:16:06+00:00","dateModified":"2025-09-29T11:11:06+00:00","description":"D\u00e9but 2021, les SPU ont lanc\u00e9 le projet avec l'Universit\u00e9 de Berne, en collaboration avec Promotion Sant\u00e9 Suisse.","breadcrumb":{"@id":"https:\/\/www.assip.org\/fr\/a-propos-de-nous\/#breadcrumb"},"inLanguage":"fr-FR","potentialAction":[{"@type":"ReadAction","target":["https:\/\/www.assip.org\/fr\/a-propos-de-nous\/"]}]},{"@type":"BreadcrumbList","@id":"https:\/\/www.assip.org\/fr\/a-propos-de-nous\/#breadcrumb","itemListElement":[{"@type":"ListItem","position":1,"name":"Home","item":"https:\/\/www.assip.org\/fr\/"},{"@type":"ListItem","position":2,"name":"\u00c0 propos de nous"}]},{"@type":"WebSite","@id":"https:\/\/www.assip.org\/fr\/#website","url":"https:\/\/www.assip.org\/fr\/","name":"ASSIP Home Treatment","description":"","publisher":{"@id":"https:\/\/www.assip.org\/fr\/#organization"},"potentialAction":[{"@type":"SearchAction","target":{"@type":"EntryPoint","urlTemplate":"https:\/\/www.assip.org\/fr\/?s={search_term_string}"},"query-input":{"@type":"PropertyValueSpecification","valueRequired":true,"valueName":"search_term_string"}}],"inLanguage":"fr-FR"},{"@type":"Organization","@id":"https:\/\/www.assip.org\/fr\/#organization","name":"ASSIP Home Treatment","url":"https:\/\/www.assip.org\/fr\/","logo":{"@type":"ImageObject","inLanguage":"fr-FR","@id":"https:\/\/www.assip.org\/fr\/#\/schema\/logo\/image\/","url":"https:\/\/www.assip.org\/wp-content\/uploads\/2022\/09\/ASSIP_LOGO_WEB.png","contentUrl":"https:\/\/www.assip.org\/wp-content\/uploads\/2022\/09\/ASSIP_LOGO_WEB.png","width":400,"height":217,"caption":"ASSIP Home Treatment"},"image":{"@id":"https:\/\/www.assip.org\/fr\/#\/schema\/logo\/image\/"}}]}},"jetpack_sharing_enabled":true,"_links":{"self":[{"href":"https:\/\/www.assip.org\/fr\/wp-json\/wp\/v2\/pages\/3350","targetHints":{"allow":["GET"]}}],"collection":[{"href":"https:\/\/www.assip.org\/fr\/wp-json\/wp\/v2\/pages"}],"about":[{"href":"https:\/\/www.assip.org\/fr\/wp-json\/wp\/v2\/types\/page"}],"author":[{"embeddable":true,"href":"https:\/\/www.assip.org\/fr\/wp-json\/wp\/v2\/users\/1"}],"replies":[{"embeddable":true,"href":"https:\/\/www.assip.org\/fr\/wp-json\/wp\/v2\/comments?post=3350"}],"version-history":[{"count":6,"href":"https:\/\/www.assip.org\/fr\/wp-json\/wp\/v2\/pages\/3350\/revisions"}],"predecessor-version":[{"id":6761,"href":"https:\/\/www.assip.org\/fr\/wp-json\/wp\/v2\/pages\/3350\/revisions\/6761"}],"wp:attachment":[{"href":"https:\/\/www.assip.org\/fr\/wp-json\/wp\/v2\/media?parent=3350"}],"curies":[{"name":"wp","href":"https:\/\/api.w.org\/{rel}","templated":true}]}}