{"id":3361,"date":"2022-09-03T11:48:16","date_gmt":"2022-09-03T09:48:16","guid":{"rendered":"https:\/\/www.assip.org\/login\/"},"modified":"2025-03-03T10:01:43","modified_gmt":"2025-03-03T09:01:43","slug":"login","status":"publish","type":"page","link":"https:\/\/www.assip.org\/fr\/login\/","title":{"rendered":"Login Intranet"},"content":{"rendered":"\n<h2 class=\"wp-block-heading\">Intranet<\/h2>\n\n<p>L&rsquo;intranet est un espace s\u00e9curis\u00e9 contenant des documents destin\u00e9s aux th\u00e9rapeutes ASSIP flex.<\/p>\n\n<ul class=\"wp-block-list\">\n<li>Informations<\/li>\n\n\n\n<li>Processus<\/li>\n\n\n\n<li>Formulaires d&rsquo;inscription<\/li>\n\n\n\n<li>Contact avec les patient\u00b7e\u00b7s<\/li>\n\n\n\n<li>Lettres<\/li>\n\n\n\n<li>Mod\u00e8les<\/li>\n\n\n\n<li>Documents utiles<\/li>\n<\/ul>\n<div class=\"wpforms-container wpforms-container-full wpforms-block wpforms-block-89ed99bf-9aa3-4c0b-8a47-cd09f27caaa8\" id=\"wpforms-1858\"><form id=\"wpforms-form-1858\" class=\"wpforms-validate wpforms-form wpforms-ajax-form\" data-formid=\"1858\" method=\"post\" enctype=\"multipart\/form-data\" action=\"\/fr\/wp-json\/wp\/v2\/pages\/3361\" data-token=\"c02459fe01c2bdcc26f21e4110ad3cb0\" data-token-time=\"1776811500\"><noscript class=\"wpforms-error-noscript\">Veuillez activer JavaScript dans votre navigateur pour remplir ce formulaire.<\/noscript><div class=\"wpforms-field-container\"><div id=\"wpforms-1858-field_0-container\" class=\"wpforms-field wpforms-field-text\" data-field-id=\"0\"><label class=\"wpforms-field-label\" for=\"wpforms-1858-field_0\">Benutzername oder Email <span class=\"wpforms-required-label\">*<\/span><\/label><input type=\"text\" id=\"wpforms-1858-field_0\" class=\"wpforms-field-medium wpforms-field-required\" name=\"wpforms[fields][0]\" required><\/div><div id=\"wpforms-1858-field_1-container\" class=\"wpforms-field wpforms-field-password\" data-field-id=\"1\"><label class=\"wpforms-field-label\" for=\"wpforms-1858-field_1\">Passwort <span class=\"wpforms-required-label\">*<\/span><\/label><input type=\"password\" id=\"wpforms-1858-field_1\" class=\"wpforms-field-medium wpforms-field-required\" name=\"wpforms[fields][1]\" spellcheck=\"false\" required><\/div><div id=\"wpforms-1858-field_2-container\" class=\"wpforms-field wpforms-field-checkbox\" data-field-id=\"2\"><label class=\"wpforms-field-label wpforms-label-hide\">Remember me<\/label><ul id=\"wpforms-1858-field_2\"><li class=\"choice-0 depth-1\"><input type=\"checkbox\" id=\"wpforms-1858-field_2_0\" name=\"wpforms[fields][2][]\" value=\"Eingeloggt bleiben\"  ><label class=\"wpforms-field-label-inline\" for=\"wpforms-1858-field_2_0\">Eingeloggt bleiben<\/label><\/li><\/ul><\/div><\/div><!-- .wpforms-field-container --><div class=\"wpforms-submit-container\" ><input type=\"hidden\" name=\"wpforms[id]\" value=\"1858\"><input type=\"hidden\" name=\"page_title\" value=\"\"><input type=\"hidden\" name=\"page_url\" value=\"https:\/\/www.assip.org\/fr\/wp-json\/wp\/v2\/pages\/3361\"><input type=\"hidden\" name=\"url_referer\" value=\"\"><button type=\"submit\" name=\"wpforms[submit]\" id=\"wpforms-submit-1858\" class=\"wpforms-submit\" aria-live=\"assertive\" value=\"wpforms-submit\">Absenden<\/button><img loading=\"lazy\" decoding=\"async\" src=\"https:\/\/www.assip.org\/wp-content\/plugins\/wpforms\/assets\/images\/submit-spin.svg\" class=\"wpforms-submit-spinner\" style=\"display: none;\" width=\"26\" height=\"26\" alt=\"Chargement en cours\"><\/div><\/form><\/div>  <!-- .wpforms-container -->\n<p><a href=\"https:\/\/www.assip.org\/fr\/login\/inscription-a-lintranet\/\">Registrieren<\/a><\/p>\n","protected":false},"excerpt":{"rendered":"<p>Intranet L&rsquo;intranet est un espace s\u00e9curis\u00e9 contenant des documents destin\u00e9s aux th\u00e9rapeutes ASSIP flex. Registrieren<\/p>\n","protected":false},"author":1,"featured_media":0,"parent":0,"menu_order":29,"comment_status":"closed","ping_status":"closed","template":"","meta":{"_acf_changed":false,"neve_meta_sidebar":"","neve_meta_container":"","neve_meta_enable_content_width":"","neve_meta_content_width":0,"neve_meta_title_alignment":"","neve_meta_author_avatar":"","neve_post_elements_order":"","neve_meta_disable_header":"","neve_meta_disable_footer":"","neve_meta_disable_title":"","_themeisle_gutenberg_block_has_review":false,"footnotes":""},"class_list":["post-3361","page","type-page","status-publish","hentry"],"acf":[],"yoast_head":"<!-- This site is optimized with the Yoast SEO plugin v27.4 - https:\/\/yoast.com\/product\/yoast-seo-wordpress\/ -->\n<title>Login Intranet | ASSIP flex<\/title>\n<meta name=\"description\" content=\"Sur l&#039;intranet, vous trouverez des documents et du mat\u00e9riel pour une application approfondie de ASSIP flex. Pour y acc\u00e9der, vous devez faire une demande de connexion.\" \/>\n<meta name=\"robots\" content=\"index, follow, max-snippet:-1, max-image-preview:large, max-video-preview:-1\" \/>\n<link rel=\"canonical\" href=\"https:\/\/www.assip.org\/fr\/login\/\" \/>\n<meta property=\"og:locale\" content=\"fr_FR\" \/>\n<meta property=\"og:type\" content=\"article\" \/>\n<meta property=\"og:title\" content=\"Login Intranet | ASSIP flex\" \/>\n<meta property=\"og:description\" content=\"Sur l&#039;intranet, vous trouverez des documents et du mat\u00e9riel pour une application approfondie de ASSIP flex. Pour y acc\u00e9der, vous devez faire une demande de connexion.\" \/>\n<meta property=\"og:url\" content=\"https:\/\/www.assip.org\/fr\/login\/\" \/>\n<meta property=\"og:site_name\" content=\"ASSIP flex\" \/>\n<meta property=\"article:modified_time\" content=\"2025-03-03T09:01:43+00:00\" \/>\n<meta name=\"twitter:card\" content=\"summary_large_image\" \/>\n<meta name=\"twitter:label1\" content=\"Dur\u00e9e de lecture estim\u00e9e\" \/>\n\t<meta name=\"twitter:data1\" content=\"1 minute\" \/>\n<script type=\"application\/ld+json\" class=\"yoast-schema-graph\">{\"@context\":\"https:\\\/\\\/schema.org\",\"@graph\":[{\"@type\":\"WebPage\",\"@id\":\"https:\\\/\\\/www.assip.org\\\/fr\\\/login\\\/\",\"url\":\"https:\\\/\\\/www.assip.org\\\/fr\\\/login\\\/\",\"name\":\"Login Intranet | ASSIP flex\",\"isPartOf\":{\"@id\":\"https:\\\/\\\/www.assip.org\\\/fr\\\/#website\"},\"datePublished\":\"2022-09-03T09:48:16+00:00\",\"dateModified\":\"2025-03-03T09:01:43+00:00\",\"description\":\"Sur l'intranet, vous trouverez des documents et du mat\u00e9riel pour une application approfondie de ASSIP flex. Pour y acc\u00e9der, vous devez faire une demande de connexion.\",\"breadcrumb\":{\"@id\":\"https:\\\/\\\/www.assip.org\\\/fr\\\/login\\\/#breadcrumb\"},\"inLanguage\":\"fr-FR\",\"potentialAction\":[{\"@type\":\"ReadAction\",\"target\":[\"https:\\\/\\\/www.assip.org\\\/fr\\\/login\\\/\"]}]},{\"@type\":\"BreadcrumbList\",\"@id\":\"https:\\\/\\\/www.assip.org\\\/fr\\\/login\\\/#breadcrumb\",\"itemListElement\":[{\"@type\":\"ListItem\",\"position\":1,\"name\":\"Home\",\"item\":\"https:\\\/\\\/www.assip.org\\\/fr\\\/\"},{\"@type\":\"ListItem\",\"position\":2,\"name\":\"Login Intranet\"}]},{\"@type\":\"WebSite\",\"@id\":\"https:\\\/\\\/www.assip.org\\\/fr\\\/#website\",\"url\":\"https:\\\/\\\/www.assip.org\\\/fr\\\/\",\"name\":\"ASSIP Home Treatment\",\"description\":\"\",\"publisher\":{\"@id\":\"https:\\\/\\\/www.assip.org\\\/fr\\\/#organization\"},\"potentialAction\":[{\"@type\":\"SearchAction\",\"target\":{\"@type\":\"EntryPoint\",\"urlTemplate\":\"https:\\\/\\\/www.assip.org\\\/fr\\\/?s={search_term_string}\"},\"query-input\":{\"@type\":\"PropertyValueSpecification\",\"valueRequired\":true,\"valueName\":\"search_term_string\"}}],\"inLanguage\":\"fr-FR\"},{\"@type\":\"Organization\",\"@id\":\"https:\\\/\\\/www.assip.org\\\/fr\\\/#organization\",\"name\":\"ASSIP Home Treatment\",\"url\":\"https:\\\/\\\/www.assip.org\\\/fr\\\/\",\"logo\":{\"@type\":\"ImageObject\",\"inLanguage\":\"fr-FR\",\"@id\":\"https:\\\/\\\/www.assip.org\\\/fr\\\/#\\\/schema\\\/logo\\\/image\\\/\",\"url\":\"https:\\\/\\\/www.assip.org\\\/wp-content\\\/uploads\\\/2022\\\/09\\\/ASSIP_LOGO_WEB.png\",\"contentUrl\":\"https:\\\/\\\/www.assip.org\\\/wp-content\\\/uploads\\\/2022\\\/09\\\/ASSIP_LOGO_WEB.png\",\"width\":400,\"height\":217,\"caption\":\"ASSIP Home Treatment\"},\"image\":{\"@id\":\"https:\\\/\\\/www.assip.org\\\/fr\\\/#\\\/schema\\\/logo\\\/image\\\/\"}}]}<\/script>\n<!-- \/ Yoast SEO plugin. -->","yoast_head_json":{"title":"Login Intranet | ASSIP flex","description":"Sur l'intranet, vous trouverez des documents et du mat\u00e9riel pour une application approfondie de ASSIP flex. Pour y acc\u00e9der, vous devez faire une demande de connexion.","robots":{"index":"index","follow":"follow","max-snippet":"max-snippet:-1","max-image-preview":"max-image-preview:large","max-video-preview":"max-video-preview:-1"},"canonical":"https:\/\/www.assip.org\/fr\/login\/","og_locale":"fr_FR","og_type":"article","og_title":"Login Intranet | ASSIP flex","og_description":"Sur l'intranet, vous trouverez des documents et du mat\u00e9riel pour une application approfondie de ASSIP flex. Pour y acc\u00e9der, vous devez faire une demande de connexion.","og_url":"https:\/\/www.assip.org\/fr\/login\/","og_site_name":"ASSIP flex","article_modified_time":"2025-03-03T09:01:43+00:00","twitter_card":"summary_large_image","twitter_misc":{"Dur\u00e9e de lecture estim\u00e9e":"1 minute"},"schema":{"@context":"https:\/\/schema.org","@graph":[{"@type":"WebPage","@id":"https:\/\/www.assip.org\/fr\/login\/","url":"https:\/\/www.assip.org\/fr\/login\/","name":"Login Intranet | ASSIP flex","isPartOf":{"@id":"https:\/\/www.assip.org\/fr\/#website"},"datePublished":"2022-09-03T09:48:16+00:00","dateModified":"2025-03-03T09:01:43+00:00","description":"Sur l'intranet, vous trouverez des documents et du mat\u00e9riel pour une application approfondie de ASSIP flex. Pour y acc\u00e9der, vous devez faire une demande de connexion.","breadcrumb":{"@id":"https:\/\/www.assip.org\/fr\/login\/#breadcrumb"},"inLanguage":"fr-FR","potentialAction":[{"@type":"ReadAction","target":["https:\/\/www.assip.org\/fr\/login\/"]}]},{"@type":"BreadcrumbList","@id":"https:\/\/www.assip.org\/fr\/login\/#breadcrumb","itemListElement":[{"@type":"ListItem","position":1,"name":"Home","item":"https:\/\/www.assip.org\/fr\/"},{"@type":"ListItem","position":2,"name":"Login Intranet"}]},{"@type":"WebSite","@id":"https:\/\/www.assip.org\/fr\/#website","url":"https:\/\/www.assip.org\/fr\/","name":"ASSIP Home Treatment","description":"","publisher":{"@id":"https:\/\/www.assip.org\/fr\/#organization"},"potentialAction":[{"@type":"SearchAction","target":{"@type":"EntryPoint","urlTemplate":"https:\/\/www.assip.org\/fr\/?s={search_term_string}"},"query-input":{"@type":"PropertyValueSpecification","valueRequired":true,"valueName":"search_term_string"}}],"inLanguage":"fr-FR"},{"@type":"Organization","@id":"https:\/\/www.assip.org\/fr\/#organization","name":"ASSIP Home Treatment","url":"https:\/\/www.assip.org\/fr\/","logo":{"@type":"ImageObject","inLanguage":"fr-FR","@id":"https:\/\/www.assip.org\/fr\/#\/schema\/logo\/image\/","url":"https:\/\/www.assip.org\/wp-content\/uploads\/2022\/09\/ASSIP_LOGO_WEB.png","contentUrl":"https:\/\/www.assip.org\/wp-content\/uploads\/2022\/09\/ASSIP_LOGO_WEB.png","width":400,"height":217,"caption":"ASSIP Home Treatment"},"image":{"@id":"https:\/\/www.assip.org\/fr\/#\/schema\/logo\/image\/"}}]}},"jetpack_sharing_enabled":true,"_links":{"self":[{"href":"https:\/\/www.assip.org\/fr\/wp-json\/wp\/v2\/pages\/3361","targetHints":{"allow":["GET"]}}],"collection":[{"href":"https:\/\/www.assip.org\/fr\/wp-json\/wp\/v2\/pages"}],"about":[{"href":"https:\/\/www.assip.org\/fr\/wp-json\/wp\/v2\/types\/page"}],"author":[{"embeddable":true,"href":"https:\/\/www.assip.org\/fr\/wp-json\/wp\/v2\/users\/1"}],"replies":[{"embeddable":true,"href":"https:\/\/www.assip.org\/fr\/wp-json\/wp\/v2\/comments?post=3361"}],"version-history":[{"count":7,"href":"https:\/\/www.assip.org\/fr\/wp-json\/wp\/v2\/pages\/3361\/revisions"}],"predecessor-version":[{"id":6489,"href":"https:\/\/www.assip.org\/fr\/wp-json\/wp\/v2\/pages\/3361\/revisions\/6489"}],"wp:attachment":[{"href":"https:\/\/www.assip.org\/fr\/wp-json\/wp\/v2\/media?parent=3361"}],"curies":[{"name":"wp","href":"https:\/\/api.w.org\/{rel}","templated":true}]}}