{"id":3365,"date":"2022-09-03T11:47:40","date_gmt":"2022-09-03T09:47:40","guid":{"rendered":"https:\/\/www.assip.org\/faq\/"},"modified":"2024-05-03T14:08:02","modified_gmt":"2024-05-03T12:08:02","slug":"faq","status":"publish","type":"page","link":"https:\/\/www.assip.org\/fr\/faq\/","title":{"rendered":"FAQ et d\u00e9pliant"},"content":{"rendered":"\n<div style=\"height:38px\" aria-hidden=\"true\" class=\"wp-block-spacer\"><\/div>\n\n\n\n<h2 class=\"wp-block-heading\">Voici les questions les plus fr\u00e9quentes<\/h2>\n\n\n\n<div id=\"wp-block-themeisle-blocks-advanced-columns-d8ecd613\" class=\"wp-block-themeisle-blocks-advanced-columns alignfull has-1-columns has-desktop-equal-layout has-tablet-equal-layout has-mobile-equal-layout has-vertical-unset has-dark-bg\"><div class=\"wp-block-themeisle-blocks-advanced-columns-overlay\"><\/div><div class=\"innerblocks-wrap\">\n<div id=\"wp-block-themeisle-blocks-advanced-column-81364300\" class=\"wp-block-themeisle-blocks-advanced-column has-light-bg\">\n<div id=\"wp-block-themeisle-blocks-advanced-columns-2bdc6168\" class=\"wp-block-themeisle-blocks-advanced-columns alignwide has-1-columns has-desktop-equal-layout has-tablet-equal-layout has-mobile-equal-layout has-vertical-unset has-dark-bg\"><div class=\"wp-block-themeisle-blocks-advanced-columns-overlay\"><\/div><div class=\"innerblocks-wrap\">\n<div id=\"wp-block-themeisle-blocks-advanced-column-c318f95c\" class=\"wp-block-themeisle-blocks-advanced-column has-light-bg\">\n<div id=\"wp-block-themeisle-blocks-accordion-4617d8a4\" class=\"wp-block-themeisle-blocks-accordion exclusive\">\n<details class=\"wp-block-themeisle-blocks-accordion-item\"><summary class=\"wp-block-themeisle-blocks-accordion-item__title\"><div>Depuis combien de temps la tentative de suicide doit-elle avoir eu lieu pour que l&rsquo;ASSIP (Home Treatment) soit efficace?<\/div><\/summary><div class=\"wp-block-themeisle-blocks-accordion-item__content\">\n<p>ASSIP agit ind\u00e9pendamment du temps \u00e9coul\u00e9 depuis la tentative de suicide. Cela peut \u00eatre une semaine ou plusieurs ann\u00e9es. L&rsquo;important est que vous soyez motiv\u00e9(e) pour vous confronter \u00e0 l&rsquo;histoire de votre exp\u00e9rience et de votre comportement suicidaire.<\/p>\n<\/div><\/details>\n\n\n\n<details class=\"wp-block-themeisle-blocks-accordion-item\"><summary class=\"wp-block-themeisle-blocks-accordion-item__title\"><div>Les co\u00fbts sont-ils pris en charge par l&rsquo;assurance maladie?<\/div><\/summary><div class=\"wp-block-themeisle-blocks-accordion-item__content\">\n<p>Oui, les co\u00fbts sont couverts par l&rsquo;assurance de base.<\/p>\n<\/div><\/details>\n\n\n\n<details class=\"wp-block-themeisle-blocks-accordion-item\"><summary class=\"wp-block-themeisle-blocks-accordion-item__title\"><div>Dans quels cantons et par qui l&rsquo;ASSIP Home Treatment est-il propos\u00e9?<\/div><\/summary><div class=\"wp-block-themeisle-blocks-accordion-item__content\">\n<ul class=\"wp-block-list\">\n<li>Canton de Berne, depuis octobre 2021 par les Services psychiatriques universitaires de Berne (SPU)<\/li>\n\n\n\n<li>Canton de Vaud, depuis septembre 2022 par le Centre hospitalier universitaire vaudois (CHUV)<\/li>\n\n\n\n<li>Canton de Zurich, depuis septembre 2022 par la Psychiatrische Universit\u00e4tsklinik Z\u00fcrich (PUK)<\/li>\n\n\n\n<li>Canton de Neuch\u00e2tel, depuis printemps 2023 par le Centre Neuch\u00e2telois de Psychiatrie (CNP)<\/li>\n<\/ul>\n<\/div><\/details>\n\n\n\n<details class=\"wp-block-themeisle-blocks-accordion-item\"><summary class=\"wp-block-themeisle-blocks-accordion-item__title\"><div>Les co\u00fbts du Home Treatment sont-ils \u00e9galement pris en charge?<\/div><\/summary><div class=\"wp-block-themeisle-blocks-accordion-item__content\">\n<p>Les co\u00fbts de l&rsquo;ASSIP sont pris en charge par l&rsquo;assurance maladie. Le Home Treatment n&rsquo;entra\u00eene pas non plus de co\u00fbts suppl\u00e9mentaires, ceux-ci sont pris en charge jusqu&rsquo;\u00e0 fin 2025 dans le cadre d&rsquo;un projet de l&rsquo;Universit\u00e9 de Berne soutenu par Promotion Sant\u00e9 Suisse.<\/p>\n<\/div><\/details>\n\n\n\n<details class=\"wp-block-themeisle-blocks-accordion-item\"><summary class=\"wp-block-themeisle-blocks-accordion-item__title\"><div>Le traitement \u00e0 domicile ASSIP peut-il se d\u00e9rouler dans d&rsquo;autres lieux que la maison?<\/div><\/summary><div class=\"wp-block-themeisle-blocks-accordion-item__content\">\n<p>La th\u00e9rapie br\u00e8ve ASSIP peut avoir lieu \u00e0 votre domicile ou, apr\u00e8s accord, par exemple chez votre m\u00e9decin de famille, votre psychologue, votre psychiatre ou un autre professionnel de la sant\u00e9 en qui vous avez confiance, ou encore chez un membre de votre famille.<\/p>\n<\/div><\/details>\n\n\n\n<details class=\"wp-block-themeisle-blocks-accordion-item\"><summary class=\"wp-block-themeisle-blocks-accordion-item__title\"><div>Je suis d\u00e9j\u00e0 suivi(e) par un(e) psychologue ou un(e) psychoth\u00e9rapeute. Cela pose-t-il un probl\u00e8me ?<\/div><\/summary><div class=\"wp-block-themeisle-blocks-accordion-item__content\">\n<p>Non. M\u00eame si vous \u00eates d\u00e9j\u00e0 suivi par un psychoth\u00e9rapeute ou un psychiatre, cela ne pose aucun probl\u00e8me. L&rsquo;ASSIP est une offre compl\u00e9mentaire et ne remplace pas une th\u00e9rapie (\u00e0 long terme). Vos interlocuteurs seront contact\u00e9s par nos soins, si vous le souhaitez.<\/p>\n<\/div><\/details>\n\n\n\n<details class=\"wp-block-themeisle-blocks-accordion-item\"><summary class=\"wp-block-themeisle-blocks-accordion-item__title\"><div>Comment se d\u00e9roule l&rsquo;ASSIP?<\/div><\/summary><div class=\"wp-block-themeisle-blocks-accordion-item__content\">\n<ul class=\"wp-block-list\">\n<li><strong>Premi\u00e8re consultation: <\/strong>Entretien narratif: Vous racontez l&rsquo;histoire de votre tentative de suicide avec vos propres mots. L&rsquo;entretien est enregistr\u00e9 sur vid\u00e9o et vous recevez des documents \u00e9crits sur le th\u00e8me du v\u00e9cu et du comportement suicidaires (psycho\u00e9ducation).<\/li>\n\n\n\n<li><strong>Deuxi\u00e8me consultation: <\/strong>vid\u00e9o playback: l&rsquo;entretien enregistr\u00e9 est visionn\u00e9 avec vous. Les processus qui ont pr\u00e9c\u00e9d\u00e9 votre crise suicidaire sont clarifi\u00e9s ensemble. Les signes avant-coureurs sont \u00e9galement identifi\u00e9s et des strat\u00e9gies sont \u00e9labor\u00e9es.<\/li>\n\n\n\n<li><strong>Troisi\u00e8me consultation<\/strong>: Conception du cas de comportement suicidaire: le contexte de votre crise suicidaire, les objectifs th\u00e9rapeutiques \u00e0 long terme, les signaux d&rsquo;alarme et votre plan de crise personnel sont retravaill\u00e9s ensemble et consign\u00e9s par \u00e9crit.<\/li>\n\n\n\n<li><strong>Enfin: <\/strong>Prise de contact par courrier: nous maintenons le contact par courrier tous les trois ou six mois pendant deux ans.<\/li>\n<\/ul>\n<\/div><\/details>\n\n\n\n<details class=\"wp-block-themeisle-blocks-accordion-item\"><summary class=\"wp-block-themeisle-blocks-accordion-item__title\"><div>Quelle est l&rsquo;efficacit\u00e9 de l&rsquo;ASSIP?<\/div><\/summary><div class=\"wp-block-themeisle-blocks-accordion-item__content\">\n<p>L&rsquo;efficacit\u00e9 a \u00e9t\u00e9 examin\u00e9e dans le cadre d&rsquo;une \u00e9tude men\u00e9e \u00e0 l&rsquo;universit\u00e9 de Berne. L&rsquo;ASSIP a permis de r\u00e9duire de 80% le risque de nouvelles tentatives de suicide. L&rsquo;\u00e9tude a port\u00e9 sur 120 patients trait\u00e9s pour tentative de suicide au Centre universitaire d&rsquo;urgence. La moiti\u00e9 d&rsquo;entre eux ont re\u00e7u, en plus de leur traitement psychiatrique habituel, les trois s\u00e9ances d&rsquo;ASSIP suivies de lettres personnalis\u00e9es pendant deux ans, tandis que le groupe de contr\u00f4le a re\u00e7u une seule \u00e9valuation du risque suicidaire. Apr\u00e8s 24 mois, 41 personnes du groupe de contr\u00f4le avaient fait une autre tentative de suicide, contre seulement cinq personnes du groupe ASSIP (Park, A. &amp; Gysin, A. (2018). Costeffectiveness of a Brief Structured Intervention Program Aimed at Preventing Repeat Suicide Attempts Among Those Who Previously Attempted Suicide)<\/p>\n<\/div><\/details>\n\n\n\n<details class=\"wp-block-themeisle-blocks-accordion-item\"><summary class=\"wp-block-themeisle-blocks-accordion-item__title\"><div>Comment d\u00e9crire en quelques mots l&rsquo;ASSIP \u00e0 une personne concern\u00e9e?<\/div><\/summary><div class=\"wp-block-themeisle-blocks-accordion-item__content\">\n<p>Apr\u00e8s une tentative de suicide, vous ne devriez pas rester seul avec ce que vous avez v\u00e9cu. Il existe une offre sp\u00e9cifique, d\u00e9velopp\u00e9e par la clinique universitaire de psychiatrie et de psychoth\u00e9rapie de Berne : une th\u00e9rapie br\u00e8ve de trois s\u00e9ances pour les personnes qui ont fait une tentative de suicide. On ne vous demande pas le pourquoi du comment, mais on vous aide \u00e0 comprendre les processus qui ont conduit \u00e0 la crise suicidaire et \u00e0 gagner ainsi en clart\u00e9 sur la mani\u00e8re dont vous pourrez y faire face diff\u00e9remment \u00e0 l&rsquo;avenir. Vous pouvez choisir librement le lieu de la th\u00e9rapie &#8211; soit votre domicile, soit le cabinet de votre m\u00e9decin de famille, de votre psychiatre ou de votre psychologue. Les frais sont pris en charge par l&rsquo;assurance maladie.<\/p>\n<\/div><\/details>\n<\/div>\n<\/div>\n<\/div><\/div>\n<\/div>\n<\/div><\/div>\n\n\n\n<div id=\"wp-block-themeisle-blocks-advanced-columns-b31ba402\" class=\"wp-block-themeisle-blocks-advanced-columns alignfull has-1-columns has-desktop-equal-layout has-tablet-equal-layout has-mobile-equal-layout has-vertical-unset has-dark-bg\"><div class=\"wp-block-themeisle-blocks-advanced-columns-overlay\"><\/div><div class=\"innerblocks-wrap\">\n<div id=\"wp-block-themeisle-blocks-advanced-column-9fcc58a0\" class=\"wp-block-themeisle-blocks-advanced-column\">\n<h2 class=\"wp-block-heading has-nv-site-bg-color has-text-color\">D\u00e9pliant<\/h2>\n\n\n\n<div class=\"wp-block-columns ticss-d9a0bf89 is-layout-flex wp-container-core-columns-is-layout-9d6595d7 wp-block-columns-is-layout-flex\">\n<div class=\"wp-block-column is-layout-flow wp-block-column-is-layout-flow\" style=\"flex-basis:10%\">\n<div id=\"wp-block-themeisle-blocks-font-awesome-icons-9a60cafc\" class=\"wp-block-themeisle-blocks-font-awesome-icons\"><span class=\"wp-block-themeisle-blocks-font-awesome-icons-container\"><i class=\"fas fa-check\"><\/i><\/span><\/div>\n<\/div>\n\n\n\n<div class=\"wp-block-column has-nv-site-bg-color has-text-color is-layout-flow wp-block-column-is-layout-flow\" style=\"flex-basis:66.66%\">\n<p><br>T\u00e9l\u00e9charger en PDF ou commander en version imprim\u00e9e<\/p>\n<\/div>\n<\/div>\n\n\n\n<div class=\"wp-block-columns is-layout-flex wp-container-core-columns-is-layout-9d6595d7 wp-block-columns-is-layout-flex\">\n<div class=\"wp-block-column has-nv-site-bg-color has-text-color is-layout-flow wp-block-column-is-layout-flow\" style=\"flex-basis:10%\">\n<div id=\"wp-block-themeisle-blocks-font-awesome-icons-27332c0c\" class=\"wp-block-themeisle-blocks-font-awesome-icons\"><span class=\"wp-block-themeisle-blocks-font-awesome-icons-container\"><i class=\"far fa-arrow-alt-circle-down\"><\/i><\/span><\/div>\n<\/div>\n\n\n\n<div class=\"wp-block-column has-nv-site-bg-color has-text-color is-layout-flow wp-block-column-is-layout-flow\" style=\"flex-basis:66.66%\">\n<div data-wp-interactive=\"core\/file\" class=\"wp-block-file ticss-03d70b78\"><object data-wp-bind--hidden=\"!state.hasPdfPreview\" hidden class=\"wp-block-file__embed\" data=\"https:\/\/www.assip.org\/wp-content\/uploads\/2024\/05\/NEU-Flyer-flex-franzosisch.pdf\" type=\"application\/pdf\" style=\"width:100%;height:600px\" aria-label=\"Contenu embarqu\u00e9 NEU-Flyer-flex-franzosisch.\"><\/object><a id=\"wp-block-file--media-0e4d3b9d-aeca-46e1-9ae5-8aa98683bd73\" href=\"https:\/\/www.assip.org\/wp-content\/uploads\/2024\/05\/NEU-Flyer-flex-franzosisch.pdf\">NEU-Flyer-flex-franzosisch<\/a><a href=\"https:\/\/www.assip.org\/wp-content\/uploads\/2024\/05\/NEU-Flyer-flex-franzosisch.pdf\" class=\"wp-block-file__button wp-element-button\" download aria-describedby=\"wp-block-file--media-0e4d3b9d-aeca-46e1-9ae5-8aa98683bd73\">T\u00e9l\u00e9charger<\/a><\/div>\n<\/div>\n<\/div>\n<\/div>\n<\/div><\/div>\n\n\n\n<div id=\"wp-block-themeisle-blocks-advanced-columns-b2f5de51\" class=\"wp-block-themeisle-blocks-advanced-columns has-1-columns has-desktop-equal-layout has-tablet-equal-layout has-mobile-equal-layout has-vertical-unset\"><div class=\"wp-block-themeisle-blocks-advanced-columns-overlay\"><\/div><div class=\"innerblocks-wrap\">\n<div id=\"wp-block-themeisle-blocks-advanced-column-dc94717c\" class=\"wp-block-themeisle-blocks-advanced-column\"><div class=\"wpforms-container wpforms-container-full wpforms-block wpforms-block-5beccb30-ebee-4fb2-b48c-4968f5e7d45a\" id=\"wpforms-3402\"><form id=\"wpforms-form-3402\" class=\"wpforms-validate wpforms-form wpforms-ajax-form\" data-formid=\"3402\" method=\"post\" enctype=\"multipart\/form-data\" action=\"\/fr\/wp-json\/wp\/v2\/pages\/3365\" data-token=\"183b8c71f1dcc431dca4d15df1adfd54\" data-token-time=\"1777528003\"><div class=\"wpforms-head-container\"><div class=\"wpforms-title\">Commander le d\u00e9pliant en version imprim\u00e9e<\/div><\/div><noscript class=\"wpforms-error-noscript\">Veuillez activer JavaScript dans votre navigateur pour remplir ce formulaire.<\/noscript><div class=\"wpforms-field-container\"><div id=\"wpforms-3402-field_1-container\" class=\"wpforms-field wpforms-field-name\" data-field-id=\"1\"><label class=\"wpforms-field-label\" for=\"wpforms-3402-field_1\">Pr\u00e9nom, nom <span class=\"wpforms-required-label\">*<\/span><\/label><input type=\"text\" id=\"wpforms-3402-field_1\" class=\"wpforms-field-medium wpforms-field-required\" name=\"wpforms[fields][1]\" required><\/div><div id=\"wpforms-3402-field_2-container\" class=\"wpforms-field wpforms-field-email\" data-field-id=\"2\"><label class=\"wpforms-field-label\" for=\"wpforms-3402-field_2\">Courrier \u00e9lectronique <span class=\"wpforms-required-label\">*<\/span><\/label><input type=\"email\" id=\"wpforms-3402-field_2\" class=\"wpforms-field-medium wpforms-field-required\" name=\"wpforms[fields][2]\" spellcheck=\"false\" required><\/div><div id=\"wpforms-3402-field_6-container\" class=\"wpforms-field wpforms-field-text\" data-field-id=\"6\"><label class=\"wpforms-field-label\" for=\"wpforms-3402-field_6\">Adresse <span class=\"wpforms-required-label\">*<\/span><\/label><input type=\"text\" id=\"wpforms-3402-field_6\" class=\"wpforms-field-medium wpforms-field-required\" name=\"wpforms[fields][6]\" required><\/div><div id=\"wpforms-3402-field_7-container\" class=\"wpforms-field wpforms-field-text\" data-field-id=\"7\"><label class=\"wpforms-field-label\" for=\"wpforms-3402-field_7\">Code postal, lieu <span class=\"wpforms-required-label\">*<\/span><\/label><input type=\"text\" id=\"wpforms-3402-field_7\" class=\"wpforms-field-medium wpforms-field-required\" name=\"wpforms[fields][7]\" required><\/div><div id=\"wpforms-3402-field_5-container\" class=\"wpforms-field wpforms-field-number\" data-field-id=\"5\"><label class=\"wpforms-field-label\" for=\"wpforms-3402-field_5\">Nombre de d\u00e9pliants <span class=\"wpforms-required-label\">*<\/span><\/label><input type=\"number\" id=\"wpforms-3402-field_5\" class=\"wpforms-field-medium wpforms-field-required\" name=\"wpforms[fields][5]\" step=\"any\" required><\/div><\/div><!-- .wpforms-field-container --><div class=\"wpforms-submit-container\" ><input type=\"hidden\" name=\"wpforms[id]\" value=\"3402\"><input type=\"hidden\" name=\"page_title\" value=\"\"><input type=\"hidden\" name=\"page_url\" value=\"https:\/\/www.assip.org\/fr\/wp-json\/wp\/v2\/pages\/3365\"><input type=\"hidden\" name=\"url_referer\" value=\"\"><button type=\"submit\" name=\"wpforms[submit]\" id=\"wpforms-submit-3402\" class=\"wpforms-submit\" data-alt-text=\"Senden\u2026\" data-submit-text=\"Envoyer\" aria-live=\"assertive\" value=\"wpforms-submit\">Envoyer<\/button><img loading=\"lazy\" decoding=\"async\" src=\"https:\/\/www.assip.org\/wp-content\/plugins\/wpforms\/assets\/images\/submit-spin.svg\" class=\"wpforms-submit-spinner\" style=\"display: none;\" width=\"26\" height=\"26\" alt=\"Chargement en cours\"><\/div><\/form><\/div>  <!-- .wpforms-container --><\/div>\n<\/div><\/div>\n","protected":false},"excerpt":{"rendered":"<p>Voici les questions les plus fr\u00e9quentes<\/p>\n","protected":false},"author":1,"featured_media":0,"parent":0,"menu_order":31,"comment_status":"closed","ping_status":"closed","template":"","meta":{"_acf_changed":false,"neve_meta_sidebar":"","neve_meta_container":"","neve_meta_enable_content_width":"","neve_meta_content_width":0,"neve_meta_title_alignment":"","neve_meta_author_avatar":"","neve_post_elements_order":"","neve_meta_disable_header":"","neve_meta_disable_footer":"","neve_meta_disable_title":"","_themeisle_gutenberg_block_has_review":false,"footnotes":""},"class_list":["post-3365","page","type-page","status-publish","hentry"],"acf":[],"yoast_head":"<!-- This site is optimized with the Yoast SEO plugin v27.5 - https:\/\/yoast.com\/product\/yoast-seo-wordpress\/ -->\n<title>FAQ et d\u00e9pliant | ASSIP Home Treatment<\/title>\n<meta name=\"robots\" content=\"index, follow, max-snippet:-1, max-image-preview:large, max-video-preview:-1\" \/>\n<link rel=\"canonical\" href=\"https:\/\/www.assip.org\/fr\/faq\/\" \/>\n<meta property=\"og:locale\" content=\"fr_FR\" \/>\n<meta property=\"og:type\" content=\"article\" \/>\n<meta property=\"og:title\" content=\"FAQ et d\u00e9pliant | ASSIP Home Treatment\" \/>\n<meta property=\"og:description\" content=\"Voici les questions les plus fr\u00e9quentes\" \/>\n<meta property=\"og:url\" content=\"https:\/\/www.assip.org\/fr\/faq\/\" \/>\n<meta property=\"og:site_name\" content=\"ASSIP flex\" \/>\n<meta property=\"article:modified_time\" content=\"2024-05-03T12:08:02+00:00\" \/>\n<meta name=\"twitter:card\" content=\"summary_large_image\" \/>\n<meta name=\"twitter:label1\" content=\"Dur\u00e9e de lecture estim\u00e9e\" \/>\n\t<meta name=\"twitter:data1\" content=\"5 minutes\" \/>\n<script type=\"application\/ld+json\" class=\"yoast-schema-graph\">{\"@context\":\"https:\\\/\\\/schema.org\",\"@graph\":[{\"@type\":\"WebPage\",\"@id\":\"https:\\\/\\\/www.assip.org\\\/fr\\\/faq\\\/\",\"url\":\"https:\\\/\\\/www.assip.org\\\/fr\\\/faq\\\/\",\"name\":\"FAQ et d\u00e9pliant | ASSIP Home Treatment\",\"isPartOf\":{\"@id\":\"https:\\\/\\\/www.assip.org\\\/fr\\\/#website\"},\"datePublished\":\"2022-09-03T09:47:40+00:00\",\"dateModified\":\"2024-05-03T12:08:02+00:00\",\"breadcrumb\":{\"@id\":\"https:\\\/\\\/www.assip.org\\\/fr\\\/faq\\\/#breadcrumb\"},\"inLanguage\":\"fr-FR\",\"potentialAction\":[{\"@type\":\"ReadAction\",\"target\":[\"https:\\\/\\\/www.assip.org\\\/fr\\\/faq\\\/\"]}]},{\"@type\":\"BreadcrumbList\",\"@id\":\"https:\\\/\\\/www.assip.org\\\/fr\\\/faq\\\/#breadcrumb\",\"itemListElement\":[{\"@type\":\"ListItem\",\"position\":1,\"name\":\"Home\",\"item\":\"https:\\\/\\\/www.assip.org\\\/fr\\\/\"},{\"@type\":\"ListItem\",\"position\":2,\"name\":\"FAQ et d\u00e9pliant\"}]},{\"@type\":\"WebSite\",\"@id\":\"https:\\\/\\\/www.assip.org\\\/fr\\\/#website\",\"url\":\"https:\\\/\\\/www.assip.org\\\/fr\\\/\",\"name\":\"ASSIP Home Treatment\",\"description\":\"\",\"publisher\":{\"@id\":\"https:\\\/\\\/www.assip.org\\\/fr\\\/#organization\"},\"potentialAction\":[{\"@type\":\"SearchAction\",\"target\":{\"@type\":\"EntryPoint\",\"urlTemplate\":\"https:\\\/\\\/www.assip.org\\\/fr\\\/?s={search_term_string}\"},\"query-input\":{\"@type\":\"PropertyValueSpecification\",\"valueRequired\":true,\"valueName\":\"search_term_string\"}}],\"inLanguage\":\"fr-FR\"},{\"@type\":\"Organization\",\"@id\":\"https:\\\/\\\/www.assip.org\\\/fr\\\/#organization\",\"name\":\"ASSIP Home Treatment\",\"url\":\"https:\\\/\\\/www.assip.org\\\/fr\\\/\",\"logo\":{\"@type\":\"ImageObject\",\"inLanguage\":\"fr-FR\",\"@id\":\"https:\\\/\\\/www.assip.org\\\/fr\\\/#\\\/schema\\\/logo\\\/image\\\/\",\"url\":\"https:\\\/\\\/www.assip.org\\\/wp-content\\\/uploads\\\/2022\\\/09\\\/ASSIP_LOGO_WEB.png\",\"contentUrl\":\"https:\\\/\\\/www.assip.org\\\/wp-content\\\/uploads\\\/2022\\\/09\\\/ASSIP_LOGO_WEB.png\",\"width\":400,\"height\":217,\"caption\":\"ASSIP Home Treatment\"},\"image\":{\"@id\":\"https:\\\/\\\/www.assip.org\\\/fr\\\/#\\\/schema\\\/logo\\\/image\\\/\"}}]}<\/script>\n<!-- \/ Yoast SEO plugin. -->","yoast_head_json":{"title":"FAQ et d\u00e9pliant | ASSIP Home Treatment","robots":{"index":"index","follow":"follow","max-snippet":"max-snippet:-1","max-image-preview":"max-image-preview:large","max-video-preview":"max-video-preview:-1"},"canonical":"https:\/\/www.assip.org\/fr\/faq\/","og_locale":"fr_FR","og_type":"article","og_title":"FAQ et d\u00e9pliant | ASSIP Home Treatment","og_description":"Voici les questions les plus fr\u00e9quentes","og_url":"https:\/\/www.assip.org\/fr\/faq\/","og_site_name":"ASSIP flex","article_modified_time":"2024-05-03T12:08:02+00:00","twitter_card":"summary_large_image","twitter_misc":{"Dur\u00e9e de lecture estim\u00e9e":"5 minutes"},"schema":{"@context":"https:\/\/schema.org","@graph":[{"@type":"WebPage","@id":"https:\/\/www.assip.org\/fr\/faq\/","url":"https:\/\/www.assip.org\/fr\/faq\/","name":"FAQ et d\u00e9pliant | ASSIP Home Treatment","isPartOf":{"@id":"https:\/\/www.assip.org\/fr\/#website"},"datePublished":"2022-09-03T09:47:40+00:00","dateModified":"2024-05-03T12:08:02+00:00","breadcrumb":{"@id":"https:\/\/www.assip.org\/fr\/faq\/#breadcrumb"},"inLanguage":"fr-FR","potentialAction":[{"@type":"ReadAction","target":["https:\/\/www.assip.org\/fr\/faq\/"]}]},{"@type":"BreadcrumbList","@id":"https:\/\/www.assip.org\/fr\/faq\/#breadcrumb","itemListElement":[{"@type":"ListItem","position":1,"name":"Home","item":"https:\/\/www.assip.org\/fr\/"},{"@type":"ListItem","position":2,"name":"FAQ et d\u00e9pliant"}]},{"@type":"WebSite","@id":"https:\/\/www.assip.org\/fr\/#website","url":"https:\/\/www.assip.org\/fr\/","name":"ASSIP Home Treatment","description":"","publisher":{"@id":"https:\/\/www.assip.org\/fr\/#organization"},"potentialAction":[{"@type":"SearchAction","target":{"@type":"EntryPoint","urlTemplate":"https:\/\/www.assip.org\/fr\/?s={search_term_string}"},"query-input":{"@type":"PropertyValueSpecification","valueRequired":true,"valueName":"search_term_string"}}],"inLanguage":"fr-FR"},{"@type":"Organization","@id":"https:\/\/www.assip.org\/fr\/#organization","name":"ASSIP Home Treatment","url":"https:\/\/www.assip.org\/fr\/","logo":{"@type":"ImageObject","inLanguage":"fr-FR","@id":"https:\/\/www.assip.org\/fr\/#\/schema\/logo\/image\/","url":"https:\/\/www.assip.org\/wp-content\/uploads\/2022\/09\/ASSIP_LOGO_WEB.png","contentUrl":"https:\/\/www.assip.org\/wp-content\/uploads\/2022\/09\/ASSIP_LOGO_WEB.png","width":400,"height":217,"caption":"ASSIP Home Treatment"},"image":{"@id":"https:\/\/www.assip.org\/fr\/#\/schema\/logo\/image\/"}}]}},"jetpack_sharing_enabled":true,"_links":{"self":[{"href":"https:\/\/www.assip.org\/fr\/wp-json\/wp\/v2\/pages\/3365","targetHints":{"allow":["GET"]}}],"collection":[{"href":"https:\/\/www.assip.org\/fr\/wp-json\/wp\/v2\/pages"}],"about":[{"href":"https:\/\/www.assip.org\/fr\/wp-json\/wp\/v2\/types\/page"}],"author":[{"embeddable":true,"href":"https:\/\/www.assip.org\/fr\/wp-json\/wp\/v2\/users\/1"}],"replies":[{"embeddable":true,"href":"https:\/\/www.assip.org\/fr\/wp-json\/wp\/v2\/comments?post=3365"}],"version-history":[{"count":5,"href":"https:\/\/www.assip.org\/fr\/wp-json\/wp\/v2\/pages\/3365\/revisions"}],"predecessor-version":[{"id":5713,"href":"https:\/\/www.assip.org\/fr\/wp-json\/wp\/v2\/pages\/3365\/revisions\/5713"}],"wp:attachment":[{"href":"https:\/\/www.assip.org\/fr\/wp-json\/wp\/v2\/media?parent=3365"}],"curies":[{"name":"wp","href":"https:\/\/api.w.org\/{rel}","templated":true}]}}