{"id":4998,"date":"2023-10-31T10:21:19","date_gmt":"2023-10-31T09:21:19","guid":{"rendered":"https:\/\/www.assip.org\/?page_id=4998"},"modified":"2026-02-03T15:35:07","modified_gmt":"2026-02-03T14:35:07","slug":"galerie-de-photos","status":"publish","type":"page","link":"https:\/\/www.assip.org\/fr\/a-propos-de-nous\/galerie-de-photos\/","title":{"rendered":"Galerie de photos et Newsletter"},"content":{"rendered":"\n<h1 class=\"wp-block-heading\">Newsletter<\/h1>\n\n\n\n<div data-wp-interactive=\"core\/file\" class=\"wp-block-file\"><object data-wp-bind--hidden=\"!state.hasPdfPreview\" hidden class=\"wp-block-file__embed\" data=\"https:\/\/www.assip.org\/wp-content\/uploads\/2026\/02\/Newsletter-Hiver-2025.pdf\" type=\"application\/pdf\" style=\"width:100%;height:200px\" aria-label=\"Contenu embarqu\u00e9 NEWSLETTER Hiver 2025.\"><\/object><a id=\"wp-block-file--media-de0c0b57-81a9-4d31-a0e6-00c364580df3\" href=\"https:\/\/www.assip.org\/wp-content\/uploads\/2026\/02\/Newsletter-Hiver-2025.pdf\">NEWSLETTER Hiver 2025<\/a><a href=\"https:\/\/www.assip.org\/wp-content\/uploads\/2026\/02\/Newsletter-Hiver-2025.pdf\" class=\"wp-block-file__button wp-element-button\" download aria-describedby=\"wp-block-file--media-de0c0b57-81a9-4d31-a0e6-00c364580df3\">Herunterladen<\/a><\/div>\n\n\n\n<div data-wp-interactive=\"core\/file\" class=\"wp-block-file\"><object data-wp-bind--hidden=\"!state.hasPdfPreview\" hidden class=\"wp-block-file__embed\" data=\"https:\/\/www.assip.org\/wp-content\/uploads\/2026\/02\/Newsletter-ete-2025.pdf\" type=\"application\/pdf\" style=\"width:100%;height:200px\" aria-label=\"Contenu embarqu\u00e9 NEWSLETTER \u00e9t\u00e9 2025.\"><\/object><a id=\"wp-block-file--media-ba5f040f-3167-47e9-b589-2db4ba476da4\" href=\"https:\/\/www.assip.org\/wp-content\/uploads\/2026\/02\/Newsletter-ete-2025.pdf\">NEWSLETTER \u00e9t\u00e9 2025<\/a><a href=\"https:\/\/www.assip.org\/wp-content\/uploads\/2026\/02\/Newsletter-ete-2025.pdf\" class=\"wp-block-file__button wp-element-button\" download aria-describedby=\"wp-block-file--media-ba5f040f-3167-47e9-b589-2db4ba476da4\">Herunterladen<\/a><\/div>\n\n\n\n<div data-wp-interactive=\"core\/file\" class=\"wp-block-file\"><object data-wp-bind--hidden=\"!state.hasPdfPreview\" hidden class=\"wp-block-file__embed\" data=\"https:\/\/www.assip.org\/wp-content\/uploads\/2026\/02\/NEWSLETTER-Automne-2024.pdf\" type=\"application\/pdf\" style=\"width:100%;height:200px\" aria-label=\"Contenu embarqu\u00e9 NEWSLETTER Automne 2024.\"><\/object><a id=\"wp-block-file--media-3849d354-089b-434b-8353-8cd23173fa84\" href=\"https:\/\/www.assip.org\/wp-content\/uploads\/2026\/02\/NEWSLETTER-Automne-2024.pdf\">NEWSLETTER Automne 2024<\/a><a href=\"https:\/\/www.assip.org\/wp-content\/uploads\/2026\/02\/NEWSLETTER-Automne-2024.pdf\" class=\"wp-block-file__button wp-element-button\" download aria-describedby=\"wp-block-file--media-3849d354-089b-434b-8353-8cd23173fa84\">Herunterladen<\/a><\/div>\n\n\n\n<div data-wp-interactive=\"core\/file\" class=\"wp-block-file\"><object data-wp-bind--hidden=\"!state.hasPdfPreview\" hidden class=\"wp-block-file__embed\" data=\"https:\/\/www.assip.org\/wp-content\/uploads\/2026\/02\/NEWSLETTER-Printemps-2024-2.pdf\" type=\"application\/pdf\" style=\"width:100%;height:200px\" aria-label=\"Contenu embarqu\u00e9 NEWSLETTER Printemps 2024.\"><\/object><a id=\"wp-block-file--media-3f301bed-f792-49f4-9187-9054ff46d0c5\" href=\"https:\/\/www.assip.org\/wp-content\/uploads\/2026\/02\/NEWSLETTER-Printemps-2024-2.pdf\">NEWSLETTER Printemps 2024<\/a><a href=\"https:\/\/www.assip.org\/wp-content\/uploads\/2026\/02\/NEWSLETTER-Printemps-2024-2.pdf\" class=\"wp-block-file__button wp-element-button\" download aria-describedby=\"wp-block-file--media-3f301bed-f792-49f4-9187-9054ff46d0c5\">Herunterladen<\/a><\/div>\n\n\n\n<div style=\"height:50px\" aria-hidden=\"true\" class=\"wp-block-spacer\"><\/div>\n\n\n\n<h1 class=\"wp-block-heading\">Galerie de photos<\/h1>\n\n\n\n<div style=\"height:50px\" aria-hidden=\"true\" class=\"wp-block-spacer\"><\/div>\n\n\n\n<p>Formation des th\u00e9rapeutes de l&rsquo;ASSIP Home Treatment<\/p>\n\n\n\n<figure class=\"wp-block-gallery has-nested-images columns-default is-cropped wp-block-gallery-1 is-layout-flex wp-block-gallery-is-layout-flex\">\n<figure class=\"wp-block-image size-full\"><img loading=\"lazy\" decoding=\"async\" width=\"1024\" height=\"768\" data-id=\"4854\" src=\"https:\/\/www.assip.org\/wp-content\/uploads\/2023\/10\/Therapeutinnen-Zuerich-und-Lausanne_2-jpg.webp\" alt=\"\" class=\"wp-image-4854\" srcset=\"https:\/\/www.assip.org\/wp-content\/uploads\/2023\/10\/Therapeutinnen-Zuerich-und-Lausanne_2-jpg.webp 1024w, https:\/\/www.assip.org\/wp-content\/uploads\/2023\/10\/Therapeutinnen-Zuerich-und-Lausanne_2-300x225.webp 300w, https:\/\/www.assip.org\/wp-content\/uploads\/2023\/10\/Therapeutinnen-Zuerich-und-Lausanne_2-768x576.webp 768w\" sizes=\"auto, (max-width: 1024px) 100vw, 1024px\" \/><\/figure>\n\n\n\n<figure class=\"wp-block-image size-large\"><img loading=\"lazy\" decoding=\"async\" width=\"768\" height=\"1024\" data-id=\"4855\" src=\"https:\/\/www.assip.org\/wp-content\/uploads\/2023\/10\/Therapeutinnen-Zuerich-und-Lausanne_4-jpg.webp\" alt=\"\" class=\"wp-image-4855\" srcset=\"https:\/\/www.assip.org\/wp-content\/uploads\/2023\/10\/Therapeutinnen-Zuerich-und-Lausanne_4-jpg.webp 768w, https:\/\/www.assip.org\/wp-content\/uploads\/2023\/10\/Therapeutinnen-Zuerich-und-Lausanne_4-225x300.webp 225w\" sizes=\"auto, (max-width: 768px) 100vw, 768px\" \/><\/figure>\n\n\n\n<figure class=\"wp-block-image size-large\"><img loading=\"lazy\" decoding=\"async\" width=\"1024\" height=\"768\" data-id=\"4857\" src=\"https:\/\/www.assip.org\/wp-content\/uploads\/2023\/10\/Therapeutinnen-Zuerich-und-Lausanne_5-jpg.webp\" alt=\"\" class=\"wp-image-4857\" srcset=\"https:\/\/www.assip.org\/wp-content\/uploads\/2023\/10\/Therapeutinnen-Zuerich-und-Lausanne_5-jpg.webp 1024w, https:\/\/www.assip.org\/wp-content\/uploads\/2023\/10\/Therapeutinnen-Zuerich-und-Lausanne_5-300x225.webp 300w, https:\/\/www.assip.org\/wp-content\/uploads\/2023\/10\/Therapeutinnen-Zuerich-und-Lausanne_5-768x576.webp 768w\" sizes=\"auto, (max-width: 1024px) 100vw, 1024px\" \/><\/figure>\n<\/figure>\n\n\n\n<p>Symposium sur la pr\u00e9vention du suicide<\/p>\n\n\n\n<figure class=\"wp-block-gallery has-nested-images columns-default is-cropped wp-block-gallery-2 is-layout-flex wp-block-gallery-is-layout-flex\">\n<figure class=\"wp-block-image size-large\"><img loading=\"lazy\" decoding=\"async\" width=\"1024\" height=\"768\" data-id=\"4885\" src=\"https:\/\/www.assip.org\/wp-content\/uploads\/2023\/10\/PHOTO-2023-03-31-15-41-51-2-1-jpg.webp\" alt=\"\" class=\"wp-image-4885\" srcset=\"https:\/\/www.assip.org\/wp-content\/uploads\/2023\/10\/PHOTO-2023-03-31-15-41-51-2-1-jpg.webp 1024w, https:\/\/www.assip.org\/wp-content\/uploads\/2023\/10\/PHOTO-2023-03-31-15-41-51-2-1-300x225.webp 300w, https:\/\/www.assip.org\/wp-content\/uploads\/2023\/10\/PHOTO-2023-03-31-15-41-51-2-1-768x576.webp 768w\" sizes=\"auto, (max-width: 1024px) 100vw, 1024px\" \/><\/figure>\n\n\n\n<figure class=\"wp-block-image size-large\"><img loading=\"lazy\" decoding=\"async\" width=\"768\" height=\"1024\" data-id=\"4891\" src=\"https:\/\/www.assip.org\/wp-content\/uploads\/2023\/10\/PHOTO-2023-03-31-15-41-51-1-768x1024.webp\" alt=\"\" class=\"wp-image-4891\" srcset=\"https:\/\/www.assip.org\/wp-content\/uploads\/2023\/10\/PHOTO-2023-03-31-15-41-51-1-768x1024.webp 768w, https:\/\/www.assip.org\/wp-content\/uploads\/2023\/10\/PHOTO-2023-03-31-15-41-51-1-225x300.webp 225w, https:\/\/www.assip.org\/wp-content\/uploads\/2023\/10\/PHOTO-2023-03-31-15-41-51-1-1152x1536.webp 1152w, https:\/\/www.assip.org\/wp-content\/uploads\/2023\/10\/PHOTO-2023-03-31-15-41-51-1-jpg.webp 1200w\" sizes=\"auto, (max-width: 768px) 100vw, 768px\" \/><\/figure>\n\n\n\n<figure class=\"wp-block-image size-large\"><img loading=\"lazy\" decoding=\"async\" width=\"768\" height=\"1024\" data-id=\"4889\" src=\"https:\/\/www.assip.org\/wp-content\/uploads\/2023\/10\/PHOTO-2023-03-31-15-41-52-2-1-768x1024.webp\" alt=\"\" class=\"wp-image-4889\" srcset=\"https:\/\/www.assip.org\/wp-content\/uploads\/2023\/10\/PHOTO-2023-03-31-15-41-52-2-1-768x1024.webp 768w, https:\/\/www.assip.org\/wp-content\/uploads\/2023\/10\/PHOTO-2023-03-31-15-41-52-2-1-225x300.webp 225w, https:\/\/www.assip.org\/wp-content\/uploads\/2023\/10\/PHOTO-2023-03-31-15-41-52-2-1-1152x1536.webp 1152w, https:\/\/www.assip.org\/wp-content\/uploads\/2023\/10\/PHOTO-2023-03-31-15-41-52-2-1-jpg.webp 1200w\" sizes=\"auto, (max-width: 768px) 100vw, 768px\" \/><\/figure>\n\n\n\n<figure class=\"wp-block-image size-full\"><img loading=\"lazy\" decoding=\"async\" width=\"1024\" height=\"768\" data-id=\"4888\" src=\"https:\/\/www.assip.org\/wp-content\/uploads\/2023\/10\/PHOTO-2023-03-31-15-41-52-1-jpg.webp\" alt=\"\" class=\"wp-image-4888\" srcset=\"https:\/\/www.assip.org\/wp-content\/uploads\/2023\/10\/PHOTO-2023-03-31-15-41-52-1-jpg.webp 1024w, https:\/\/www.assip.org\/wp-content\/uploads\/2023\/10\/PHOTO-2023-03-31-15-41-52-1-300x225.webp 300w, https:\/\/www.assip.org\/wp-content\/uploads\/2023\/10\/PHOTO-2023-03-31-15-41-52-1-768x576.webp 768w\" sizes=\"auto, (max-width: 1024px) 100vw, 1024px\" \/><\/figure>\n<\/figure>\n\n\n\n<figure class=\"wp-block-gallery has-nested-images columns-default is-cropped wp-block-gallery-3 is-layout-flex wp-block-gallery-is-layout-flex\">\n<figure class=\"wp-block-image size-large\"><img loading=\"lazy\" decoding=\"async\" width=\"1024\" height=\"768\" data-id=\"4897\" src=\"https:\/\/www.assip.org\/wp-content\/uploads\/2023\/10\/PHOTO-2023-03-31-15-41-53-2-1-1024x768.webp\" alt=\"\" class=\"wp-image-4897\" srcset=\"https:\/\/www.assip.org\/wp-content\/uploads\/2023\/10\/PHOTO-2023-03-31-15-41-53-2-1-1024x768.webp 1024w, https:\/\/www.assip.org\/wp-content\/uploads\/2023\/10\/PHOTO-2023-03-31-15-41-53-2-1-300x225.webp 300w, https:\/\/www.assip.org\/wp-content\/uploads\/2023\/10\/PHOTO-2023-03-31-15-41-53-2-1-768x576.webp 768w, https:\/\/www.assip.org\/wp-content\/uploads\/2023\/10\/PHOTO-2023-03-31-15-41-53-2-1-1536x1152.webp 1536w, https:\/\/www.assip.org\/wp-content\/uploads\/2023\/10\/PHOTO-2023-03-31-15-41-53-2-1-1320x990.webp 1320w, https:\/\/www.assip.org\/wp-content\/uploads\/2023\/10\/PHOTO-2023-03-31-15-41-53-2-1-jpg.webp 1600w\" sizes=\"auto, (max-width: 1024px) 100vw, 1024px\" \/><\/figure>\n\n\n\n<figure class=\"wp-block-image size-large\"><img loading=\"lazy\" decoding=\"async\" width=\"1024\" height=\"768\" data-id=\"4898\" src=\"https:\/\/www.assip.org\/wp-content\/uploads\/2023\/10\/PHOTO-2023-03-31-15-41-54-2-1-1024x768.webp\" alt=\"\" class=\"wp-image-4898\" srcset=\"https:\/\/www.assip.org\/wp-content\/uploads\/2023\/10\/PHOTO-2023-03-31-15-41-54-2-1-1024x768.webp 1024w, https:\/\/www.assip.org\/wp-content\/uploads\/2023\/10\/PHOTO-2023-03-31-15-41-54-2-1-300x225.webp 300w, https:\/\/www.assip.org\/wp-content\/uploads\/2023\/10\/PHOTO-2023-03-31-15-41-54-2-1-768x576.webp 768w, https:\/\/www.assip.org\/wp-content\/uploads\/2023\/10\/PHOTO-2023-03-31-15-41-54-2-1-1536x1152.webp 1536w, https:\/\/www.assip.org\/wp-content\/uploads\/2023\/10\/PHOTO-2023-03-31-15-41-54-2-1-1320x990.webp 1320w, https:\/\/www.assip.org\/wp-content\/uploads\/2023\/10\/PHOTO-2023-03-31-15-41-54-2-1-jpg.webp 1600w\" sizes=\"auto, (max-width: 1024px) 100vw, 1024px\" \/><\/figure>\n\n\n\n<figure class=\"wp-block-image size-large\"><img loading=\"lazy\" decoding=\"async\" width=\"1024\" height=\"768\" data-id=\"4903\" src=\"https:\/\/www.assip.org\/wp-content\/uploads\/2023\/10\/PHOTO-2023-03-31-15-41-54-3-2-1024x768.webp\" alt=\"\" class=\"wp-image-4903\" srcset=\"https:\/\/www.assip.org\/wp-content\/uploads\/2023\/10\/PHOTO-2023-03-31-15-41-54-3-2-1024x768.webp 1024w, https:\/\/www.assip.org\/wp-content\/uploads\/2023\/10\/PHOTO-2023-03-31-15-41-54-3-2-300x225.webp 300w, https:\/\/www.assip.org\/wp-content\/uploads\/2023\/10\/PHOTO-2023-03-31-15-41-54-3-2-768x576.webp 768w, https:\/\/www.assip.org\/wp-content\/uploads\/2023\/10\/PHOTO-2023-03-31-15-41-54-3-2-1536x1152.webp 1536w, https:\/\/www.assip.org\/wp-content\/uploads\/2023\/10\/PHOTO-2023-03-31-15-41-54-3-2-1320x990.webp 1320w, https:\/\/www.assip.org\/wp-content\/uploads\/2023\/10\/PHOTO-2023-03-31-15-41-54-3-2-jpg.webp 1600w\" sizes=\"auto, (max-width: 1024px) 100vw, 1024px\" \/><\/figure>\n\n\n\n<figure class=\"wp-block-image size-large\"><img loading=\"lazy\" decoding=\"async\" width=\"768\" height=\"1024\" data-id=\"4895\" src=\"https:\/\/www.assip.org\/wp-content\/uploads\/2023\/10\/PHOTO-2023-03-31-15-41-55-1-768x1024.webp\" alt=\"\" class=\"wp-image-4895\" srcset=\"https:\/\/www.assip.org\/wp-content\/uploads\/2023\/10\/PHOTO-2023-03-31-15-41-55-1-768x1024.webp 768w, https:\/\/www.assip.org\/wp-content\/uploads\/2023\/10\/PHOTO-2023-03-31-15-41-55-1-225x300.webp 225w, https:\/\/www.assip.org\/wp-content\/uploads\/2023\/10\/PHOTO-2023-03-31-15-41-55-1-1152x1536.webp 1152w, https:\/\/www.assip.org\/wp-content\/uploads\/2023\/10\/PHOTO-2023-03-31-15-41-55-1-jpg.webp 1200w\" sizes=\"auto, (max-width: 768px) 100vw, 768px\" \/><\/figure>\n<\/figure>\n","protected":false},"excerpt":{"rendered":"<p>Newsletter Galerie de photos Formation des th\u00e9rapeutes de l&rsquo;ASSIP Home Treatment Symposium sur la pr\u00e9vention du suicide<\/p>\n","protected":false},"author":2,"featured_media":0,"parent":3350,"menu_order":22,"comment_status":"closed","ping_status":"closed","template":"","meta":{"_acf_changed":false,"neve_meta_sidebar":"","neve_meta_container":"","neve_meta_enable_content_width":"","neve_meta_content_width":0,"neve_meta_title_alignment":"","neve_meta_author_avatar":"","neve_post_elements_order":"","neve_meta_disable_header":"","neve_meta_disable_footer":"","neve_meta_disable_title":"","_themeisle_gutenberg_block_has_review":false,"footnotes":""},"class_list":["post-4998","page","type-page","status-publish","hentry"],"acf":[],"yoast_head":"<!-- This site is optimized with the Yoast SEO plugin v27.4 - https:\/\/yoast.com\/product\/yoast-seo-wordpress\/ -->\n<title>Galerie de photos et Newsletter | ASSIP Home Treatment<\/title>\n<meta name=\"robots\" content=\"index, follow, max-snippet:-1, max-image-preview:large, max-video-preview:-1\" \/>\n<link rel=\"canonical\" href=\"https:\/\/www.assip.org\/fr\/a-propos-de-nous\/galerie-de-photos\/\" \/>\n<meta property=\"og:locale\" content=\"fr_FR\" \/>\n<meta property=\"og:type\" content=\"article\" \/>\n<meta property=\"og:title\" content=\"Galerie de photos et Newsletter | ASSIP Home Treatment\" \/>\n<meta property=\"og:description\" content=\"Newsletter Galerie de photos Formation des th\u00e9rapeutes de l&rsquo;ASSIP Home Treatment Symposium sur la pr\u00e9vention du suicide\" \/>\n<meta property=\"og:url\" content=\"https:\/\/www.assip.org\/fr\/a-propos-de-nous\/galerie-de-photos\/\" \/>\n<meta property=\"og:site_name\" content=\"ASSIP flex\" \/>\n<meta property=\"article:modified_time\" content=\"2026-02-03T14:35:07+00:00\" \/>\n<meta property=\"og:image\" content=\"https:\/\/www.assip.org\/wp-content\/uploads\/2023\/10\/Therapeutinnen-Zuerich-und-Lausanne_2-jpg.webp\" \/>\n\t<meta property=\"og:image:width\" content=\"1024\" \/>\n\t<meta property=\"og:image:height\" content=\"768\" \/>\n\t<meta property=\"og:image:type\" content=\"image\/jpeg\" \/>\n<meta name=\"twitter:card\" content=\"summary_large_image\" \/>\n<meta name=\"twitter:label1\" content=\"Dur\u00e9e de lecture estim\u00e9e\" \/>\n\t<meta name=\"twitter:data1\" content=\"3 minutes\" \/>\n<script type=\"application\/ld+json\" class=\"yoast-schema-graph\">{\"@context\":\"https:\\\/\\\/schema.org\",\"@graph\":[{\"@type\":\"WebPage\",\"@id\":\"https:\\\/\\\/www.assip.org\\\/fr\\\/a-propos-de-nous\\\/galerie-de-photos\\\/\",\"url\":\"https:\\\/\\\/www.assip.org\\\/fr\\\/a-propos-de-nous\\\/galerie-de-photos\\\/\",\"name\":\"Galerie de photos et Newsletter | ASSIP Home Treatment\",\"isPartOf\":{\"@id\":\"https:\\\/\\\/www.assip.org\\\/fr\\\/#website\"},\"primaryImageOfPage\":{\"@id\":\"https:\\\/\\\/www.assip.org\\\/fr\\\/a-propos-de-nous\\\/galerie-de-photos\\\/#primaryimage\"},\"image\":{\"@id\":\"https:\\\/\\\/www.assip.org\\\/fr\\\/a-propos-de-nous\\\/galerie-de-photos\\\/#primaryimage\"},\"thumbnailUrl\":\"https:\\\/\\\/www.assip.org\\\/wp-content\\\/uploads\\\/2023\\\/10\\\/Therapeutinnen-Zuerich-und-Lausanne_2-jpg.webp\",\"datePublished\":\"2023-10-31T09:21:19+00:00\",\"dateModified\":\"2026-02-03T14:35:07+00:00\",\"breadcrumb\":{\"@id\":\"https:\\\/\\\/www.assip.org\\\/fr\\\/a-propos-de-nous\\\/galerie-de-photos\\\/#breadcrumb\"},\"inLanguage\":\"fr-FR\",\"potentialAction\":[{\"@type\":\"ReadAction\",\"target\":[\"https:\\\/\\\/www.assip.org\\\/fr\\\/a-propos-de-nous\\\/galerie-de-photos\\\/\"]}]},{\"@type\":\"ImageObject\",\"inLanguage\":\"fr-FR\",\"@id\":\"https:\\\/\\\/www.assip.org\\\/fr\\\/a-propos-de-nous\\\/galerie-de-photos\\\/#primaryimage\",\"url\":\"https:\\\/\\\/www.assip.org\\\/wp-content\\\/uploads\\\/2023\\\/10\\\/Therapeutinnen-Zuerich-und-Lausanne_2-jpg.webp\",\"contentUrl\":\"https:\\\/\\\/www.assip.org\\\/wp-content\\\/uploads\\\/2023\\\/10\\\/Therapeutinnen-Zuerich-und-Lausanne_2-jpg.webp\"},{\"@type\":\"BreadcrumbList\",\"@id\":\"https:\\\/\\\/www.assip.org\\\/fr\\\/a-propos-de-nous\\\/galerie-de-photos\\\/#breadcrumb\",\"itemListElement\":[{\"@type\":\"ListItem\",\"position\":1,\"name\":\"Home\",\"item\":\"https:\\\/\\\/www.assip.org\\\/fr\\\/\"},{\"@type\":\"ListItem\",\"position\":2,\"name\":\"\u00c0 propos de nous\",\"item\":\"https:\\\/\\\/www.assip.org\\\/fr\\\/a-propos-de-nous\\\/\"},{\"@type\":\"ListItem\",\"position\":3,\"name\":\"Galerie de photos et Newsletter\"}]},{\"@type\":\"WebSite\",\"@id\":\"https:\\\/\\\/www.assip.org\\\/fr\\\/#website\",\"url\":\"https:\\\/\\\/www.assip.org\\\/fr\\\/\",\"name\":\"ASSIP Home Treatment\",\"description\":\"\",\"publisher\":{\"@id\":\"https:\\\/\\\/www.assip.org\\\/fr\\\/#organization\"},\"potentialAction\":[{\"@type\":\"SearchAction\",\"target\":{\"@type\":\"EntryPoint\",\"urlTemplate\":\"https:\\\/\\\/www.assip.org\\\/fr\\\/?s={search_term_string}\"},\"query-input\":{\"@type\":\"PropertyValueSpecification\",\"valueRequired\":true,\"valueName\":\"search_term_string\"}}],\"inLanguage\":\"fr-FR\"},{\"@type\":\"Organization\",\"@id\":\"https:\\\/\\\/www.assip.org\\\/fr\\\/#organization\",\"name\":\"ASSIP Home Treatment\",\"url\":\"https:\\\/\\\/www.assip.org\\\/fr\\\/\",\"logo\":{\"@type\":\"ImageObject\",\"inLanguage\":\"fr-FR\",\"@id\":\"https:\\\/\\\/www.assip.org\\\/fr\\\/#\\\/schema\\\/logo\\\/image\\\/\",\"url\":\"https:\\\/\\\/www.assip.org\\\/wp-content\\\/uploads\\\/2022\\\/09\\\/ASSIP_LOGO_WEB.png\",\"contentUrl\":\"https:\\\/\\\/www.assip.org\\\/wp-content\\\/uploads\\\/2022\\\/09\\\/ASSIP_LOGO_WEB.png\",\"width\":400,\"height\":217,\"caption\":\"ASSIP Home Treatment\"},\"image\":{\"@id\":\"https:\\\/\\\/www.assip.org\\\/fr\\\/#\\\/schema\\\/logo\\\/image\\\/\"}}]}<\/script>\n<!-- \/ Yoast SEO plugin. -->","yoast_head_json":{"title":"Galerie de photos et Newsletter | ASSIP Home Treatment","robots":{"index":"index","follow":"follow","max-snippet":"max-snippet:-1","max-image-preview":"max-image-preview:large","max-video-preview":"max-video-preview:-1"},"canonical":"https:\/\/www.assip.org\/fr\/a-propos-de-nous\/galerie-de-photos\/","og_locale":"fr_FR","og_type":"article","og_title":"Galerie de photos et Newsletter | ASSIP Home Treatment","og_description":"Newsletter Galerie de photos Formation des th\u00e9rapeutes de l&rsquo;ASSIP Home Treatment Symposium sur la pr\u00e9vention du suicide","og_url":"https:\/\/www.assip.org\/fr\/a-propos-de-nous\/galerie-de-photos\/","og_site_name":"ASSIP flex","article_modified_time":"2026-02-03T14:35:07+00:00","og_image":[{"width":1024,"height":768,"url":"https:\/\/www.assip.org\/wp-content\/uploads\/2023\/10\/Therapeutinnen-Zuerich-und-Lausanne_2-jpg.webp","type":"image\/jpeg"}],"twitter_card":"summary_large_image","twitter_misc":{"Dur\u00e9e de lecture estim\u00e9e":"3 minutes"},"schema":{"@context":"https:\/\/schema.org","@graph":[{"@type":"WebPage","@id":"https:\/\/www.assip.org\/fr\/a-propos-de-nous\/galerie-de-photos\/","url":"https:\/\/www.assip.org\/fr\/a-propos-de-nous\/galerie-de-photos\/","name":"Galerie de photos et Newsletter | ASSIP Home Treatment","isPartOf":{"@id":"https:\/\/www.assip.org\/fr\/#website"},"primaryImageOfPage":{"@id":"https:\/\/www.assip.org\/fr\/a-propos-de-nous\/galerie-de-photos\/#primaryimage"},"image":{"@id":"https:\/\/www.assip.org\/fr\/a-propos-de-nous\/galerie-de-photos\/#primaryimage"},"thumbnailUrl":"https:\/\/www.assip.org\/wp-content\/uploads\/2023\/10\/Therapeutinnen-Zuerich-und-Lausanne_2-jpg.webp","datePublished":"2023-10-31T09:21:19+00:00","dateModified":"2026-02-03T14:35:07+00:00","breadcrumb":{"@id":"https:\/\/www.assip.org\/fr\/a-propos-de-nous\/galerie-de-photos\/#breadcrumb"},"inLanguage":"fr-FR","potentialAction":[{"@type":"ReadAction","target":["https:\/\/www.assip.org\/fr\/a-propos-de-nous\/galerie-de-photos\/"]}]},{"@type":"ImageObject","inLanguage":"fr-FR","@id":"https:\/\/www.assip.org\/fr\/a-propos-de-nous\/galerie-de-photos\/#primaryimage","url":"https:\/\/www.assip.org\/wp-content\/uploads\/2023\/10\/Therapeutinnen-Zuerich-und-Lausanne_2-jpg.webp","contentUrl":"https:\/\/www.assip.org\/wp-content\/uploads\/2023\/10\/Therapeutinnen-Zuerich-und-Lausanne_2-jpg.webp"},{"@type":"BreadcrumbList","@id":"https:\/\/www.assip.org\/fr\/a-propos-de-nous\/galerie-de-photos\/#breadcrumb","itemListElement":[{"@type":"ListItem","position":1,"name":"Home","item":"https:\/\/www.assip.org\/fr\/"},{"@type":"ListItem","position":2,"name":"\u00c0 propos de nous","item":"https:\/\/www.assip.org\/fr\/a-propos-de-nous\/"},{"@type":"ListItem","position":3,"name":"Galerie de photos et Newsletter"}]},{"@type":"WebSite","@id":"https:\/\/www.assip.org\/fr\/#website","url":"https:\/\/www.assip.org\/fr\/","name":"ASSIP Home Treatment","description":"","publisher":{"@id":"https:\/\/www.assip.org\/fr\/#organization"},"potentialAction":[{"@type":"SearchAction","target":{"@type":"EntryPoint","urlTemplate":"https:\/\/www.assip.org\/fr\/?s={search_term_string}"},"query-input":{"@type":"PropertyValueSpecification","valueRequired":true,"valueName":"search_term_string"}}],"inLanguage":"fr-FR"},{"@type":"Organization","@id":"https:\/\/www.assip.org\/fr\/#organization","name":"ASSIP Home Treatment","url":"https:\/\/www.assip.org\/fr\/","logo":{"@type":"ImageObject","inLanguage":"fr-FR","@id":"https:\/\/www.assip.org\/fr\/#\/schema\/logo\/image\/","url":"https:\/\/www.assip.org\/wp-content\/uploads\/2022\/09\/ASSIP_LOGO_WEB.png","contentUrl":"https:\/\/www.assip.org\/wp-content\/uploads\/2022\/09\/ASSIP_LOGO_WEB.png","width":400,"height":217,"caption":"ASSIP Home Treatment"},"image":{"@id":"https:\/\/www.assip.org\/fr\/#\/schema\/logo\/image\/"}}]}},"jetpack_sharing_enabled":true,"_links":{"self":[{"href":"https:\/\/www.assip.org\/fr\/wp-json\/wp\/v2\/pages\/4998","targetHints":{"allow":["GET"]}}],"collection":[{"href":"https:\/\/www.assip.org\/fr\/wp-json\/wp\/v2\/pages"}],"about":[{"href":"https:\/\/www.assip.org\/fr\/wp-json\/wp\/v2\/types\/page"}],"author":[{"embeddable":true,"href":"https:\/\/www.assip.org\/fr\/wp-json\/wp\/v2\/users\/2"}],"replies":[{"embeddable":true,"href":"https:\/\/www.assip.org\/fr\/wp-json\/wp\/v2\/comments?post=4998"}],"version-history":[{"count":2,"href":"https:\/\/www.assip.org\/fr\/wp-json\/wp\/v2\/pages\/4998\/revisions"}],"predecessor-version":[{"id":7065,"href":"https:\/\/www.assip.org\/fr\/wp-json\/wp\/v2\/pages\/4998\/revisions\/7065"}],"up":[{"embeddable":true,"href":"https:\/\/www.assip.org\/fr\/wp-json\/wp\/v2\/pages\/3350"}],"wp:attachment":[{"href":"https:\/\/www.assip.org\/fr\/wp-json\/wp\/v2\/media?parent=4998"}],"curies":[{"name":"wp","href":"https:\/\/api.w.org\/{rel}","templated":true}]}}